{"id":1176,"date":"2021-01-26T19:33:47","date_gmt":"2021-01-27T01:33:47","guid":{"rendered":"https:\/\/a4cb.org\/?page_id=1176"},"modified":"2022-08-25T11:48:16","modified_gmt":"2022-08-25T16:48:16","slug":"clientes","status":"publish","type":"page","link":"https:\/\/a4cb.org\/es\/clientes\/","title":{"rendered":"Clientes"},"content":{"rendered":"\n<div id=\"intro-block_600619a62d88e\" class=\"alignfull has-white-color has-navy-70-background-color  block-intro\">\n    <div class=\"container\">\n        <div class=\"row py-90\">\n            <div class=\"col-12 col-4-l\">\n                <h1 class=\"intro-headline has-white-color\">Clientes<\/h1>\n            <\/div>\n            <div class=\"col-12 col-8-l\">\n                <div class=\"intro-blurb font-600 h3\">Servimos ansiosamente a propietarios de empresas peque\u00f1as a trav\u00e9s del \u00e1rea de Chicago y m\u00e1s all\u00e1. Pero priorizamos el trabajo con emprendedores que tradicionalmente han sido desatendidos: Negros y Latinx, mujeres o de bajos ingresos.<\/div>\n\n                                \n                \n            <\/div>\n        <\/div>\n    <\/div>\n<\/div>\n\n\n<div style=\"height:90px\" aria-hidden=\"true\" class=\"wp-block-spacer\"><\/div>\n\n\n\n<div class=\"wp-block-group group-narrow is-layout-flow wp-block-group-is-layout-flow\">\n<p><br>Creemos que los emprendedores de cualquier origen pueden iniciar y hacer crecer empresas que generen riqueza para sus familias y comunidades.<\/p>\n\n\n\n<p>El siguiente mapa destaca miles de clientes actuales y previos de A4CB que necesitan su apoyo. Continuamente agregaremos m\u00e1s empresas a este mapa. Haga su parte haciendo compras en negocios peque\u00f1os.<\/p>\n\n\n\n<p>Para los clientes de A4CB que solicitan una edici\u00f3n de su listado en el mapa, <a href=\"https:\/\/app.smartsheet.com\/b\/form\/f6158c6f2f7d4c01ab4d478fe1d0914b\" target=\"_blank\" rel=\"noreferrer noopener\">haga clic aqu\u00ed<\/a> y complete el formulario.<\/p>\n<\/div>\n\n\n\n<div style=\"height:100px\" aria-hidden=\"true\" class=\"wp-block-spacer is-style-default\"><\/div>\n\n\n<style>\r\n\t#wpsl-stores .wpsl-store-thumb {height:45px !important; width:45px !important;}\r\n\t#wpsl-stores, #wpsl-direction-details, #wpsl-gmap {height:700px !important;}\r\n\t#wpsl-gmap .wpsl-info-window {max-width:225px !important;}\r\n\t.wpsl-input label, #wpsl-radius label, #wpsl-category label {width:95px;}\r\n\t#wpsl-search-input ,#wpsl-category .wpsl-dropdown {width:179px;}\r\n<\/style>\r\n<div id=\"wpsl-wrap\">\r\n\t<div class=\"wpsl-search wpsl-clearfix wpsl-filter\">\r\n\t\t<div id=\"wpsl-search-wrap\">\r\n\t\t\t<form autocomplete=\"off\">\r\n\t\t\t<div class=\"wpsl-input\">\r\n\t\t\t\t<div><label for=\"wpsl-search-input\">Tu ubicaci\u00f3n<\/label><\/div>\r\n\t\t\t\t<input id=\"wpsl-search-input\" type=\"text\" value=\"\" name=\"wpsl-search-input\" placeholder=\"\" aria-required=\"true\" \/>\r\n\t\t\t<\/div>\r\n\t\t\t<div class=\"wpsl-select-wrap\">\r\n\t\t\t\t<div id=\"wpsl-radius\">\r\n\t\t\t\t\t<label for=\"wpsl-radius-dropdown\">Radio de b\u00fasqueda<\/label>\r\n\t\t\t\t\t<select id=\"wpsl-radius-dropdown\" class=\"wpsl-dropdown\" name=\"wpsl-radius\">\r\n\t\t\t\t\t\t<option value=\"1\">1 mi<\/option><option value=\"5\">5 mi<\/option><option selected=\"selected\" value=\"10\">10 mi<\/option><option value=\"25\">25 mi<\/option><option value=\"100\">100 mi<\/option>\r\n\t\t\t\t\t<\/select>\r\n\t\t\t\t<\/div>\r\n\t\t\t\t<div id=\"wpsl-results\">\r\n\t\t\t\t\t<label for=\"wpsl-results-dropdown\">Resultados<\/label>\r\n\t\t\t\t\t<select id=\"wpsl-results-dropdown\" class=\"wpsl-dropdown\" name=\"wpsl-results\">\r\n\t\t\t\t\t\t<option value=\"100\">100<\/option><option selected=\"selected\" value=\"250\">250<\/option><option value=\"500\">500<\/option>\r\n\t\t\t\t\t<\/select>\r\n\t\t\t\t<\/div>\r\n\t\t\t<\/div>\r\n<div id=\"wpsl-category\">\r\n<label for=\"wpsl-category-list\">Categor\u00eda<\/label>\r\n<select  name='wpsl-category' id='wpsl-category-list' class='wpsl-dropdown'>\n\t<option value='0'>Cualquiera<\/option>\n\t<option class=\"level-0\" value=\"50\">Marketplace<\/option>\n\t<option class=\"level-0\" value=\"41\">Neighborhood Entrepreneurship Lab<\/option>\n<\/select>\n<\/div>\r\n\t\t\t\t<div class=\"wpsl-search-btn-wrap\"><input id=\"wpsl-search-btn\" type=\"submit\" value=\"Buscar\"><\/div>\r\n\t\t<\/form>\r\n\t\t<\/div>\r\n\t<\/div>\r\n\t<div id=\"wpsl-gmap\" class=\"wpsl-gmap-canvas\"><\/div>\r\n\t<div id=\"wpsl-result-list\">\r\n\t\t<div id=\"wpsl-stores\" >\r\n\t\t\t<ul><\/ul>\r\n\t\t<\/div>\r\n\t\t<div id=\"wpsl-direction-details\">\r\n\t\t\t<ul><\/ul>\r\n\t\t<\/div>\r\n\t<\/div>\r\n<\/div>\r\n\n\n\n\n<div style=\"height:100px\" aria-hidden=\"true\" class=\"wp-block-spacer is-style-spacer-m\"><\/div>\n\n\n\n<div id=\"featured-block_600e4e0859519\" class=\" block-featured alignfull has-grey-background-color py-90\">\n    <div class=\"container\">\n        <div class=\"splide splide-featured\">\n            <div class=\"splide__track\">\n                <ul class=\"splide__list\">\n\n                                    <li class=\"splide__slide\">\n                        \n\t\t<article class=\"excerpt excerpt-story post-41839 stories type-stories status-publish has-post-thumbnail hentry services-prestamos industries-alimentos-bebidas\" id=\"post-41839\">\n\t\t\t<div class=\"excerpt-image\">\n\t\t\t\t<img loading=\"lazy\" decoding=\"async\" width=\"700\" height=\"467\" src=\"https:\/\/a4cb.org\/wp-content\/uploads\/2025\/08\/DNuez_7-scaled.jpg\" class=\"attachment-700x510 size-700x510 wp-post-image\" alt=\"\" srcset=\"https:\/\/a4cb.org\/wp-content\/uploads\/2025\/08\/DNuez_7-scaled.jpg 2560w, https:\/\/a4cb.org\/wp-content\/uploads\/2025\/08\/DNuez_7-300x200.jpg 300w, https:\/\/a4cb.org\/wp-content\/uploads\/2025\/08\/DNuez_7-1024x683.jpg 1024w, https:\/\/a4cb.org\/wp-content\/uploads\/2025\/08\/DNuez_7-768x512.jpg 768w, https:\/\/a4cb.org\/wp-content\/uploads\/2025\/08\/DNuez_7-1536x1024.jpg 1536w, https:\/\/a4cb.org\/wp-content\/uploads\/2025\/08\/DNuez_7-2048x1365.jpg 2048w\" sizes=\"auto, (max-width: 700px) 100vw, 700px\" \/>\t\t\t<\/div>\n\t\t\t<div class=\"excerpt-content\">\n\t\t\t\t<div class=\"excerpt-wrap\">\n\t\t\t\t\t<h2 class=\"excerpt-title excerpt-title-l\">D&#8217;Nuez<\/h2>\n\t\t\t\t\t<span class=\"excerpt-line1\">Jose-Antonio and Albino Rendon | Alimentos &amp; Bebidas<\/span>\n\t\t\t\t\t<span class=\"excerpt-line2\">Berwyn, Pilsen, Archer, Chicago, IL<\/span>\n\t\t\t\t<\/div>\n\t\t\t\t<a href=\"https:\/\/a4cb.org\/es\/client-stories\/dnuez\/\" class=\"excerpt-link\">Leer M\u00e1s<span>&rsaquo;<\/span><\/a>\n\t\t\t<\/div>\n\t\t<\/article>                    <\/li>\n                                    <li class=\"splide__slide\">\n                        \n\t\t<article class=\"excerpt excerpt-story post-19738 stories type-stories status-publish has-post-thumbnail hentry services-prestamos industries-alimentos-bebidas\" id=\"post-19738\">\n\t\t\t<div class=\"excerpt-image\">\n\t\t\t\t<img loading=\"lazy\" decoding=\"async\" width=\"700\" height=\"467\" src=\"https:\/\/a4cb.org\/wp-content\/uploads\/2023\/05\/TTP_1957-scaled.jpg\" class=\"attachment-700x510 size-700x510 wp-post-image\" alt=\"\" srcset=\"https:\/\/a4cb.org\/wp-content\/uploads\/2023\/05\/TTP_1957-scaled.jpg 2560w, https:\/\/a4cb.org\/wp-content\/uploads\/2023\/05\/TTP_1957-scaled-300x200.jpg?theia_smart_thumbnails_file_version=2 300w, https:\/\/a4cb.org\/wp-content\/uploads\/2023\/05\/TTP_1957-scaled-1024x683.jpg?theia_smart_thumbnails_file_version=2 1024w, https:\/\/a4cb.org\/wp-content\/uploads\/2023\/05\/TTP_1957-scaled-768x512.jpg?theia_smart_thumbnails_file_version=2 768w, https:\/\/a4cb.org\/wp-content\/uploads\/2023\/05\/TTP_1957-scaled-1536x1025.jpg?theia_smart_thumbnails_file_version=2 1536w, https:\/\/a4cb.org\/wp-content\/uploads\/2023\/05\/TTP_1957-scaled-2048x1366.jpg?theia_smart_thumbnails_file_version=2 2048w\" sizes=\"auto, (max-width: 700px) 100vw, 700px\" \/>\t\t\t<\/div>\n\t\t\t<div class=\"excerpt-content\">\n\t\t\t\t<div class=\"excerpt-wrap\">\n\t\t\t\t\t<h2 class=\"excerpt-title excerpt-title-l\">La Chaparrita<\/h2>\n\t\t\t\t\t<span class=\"excerpt-line1\">Angelina Mendez | Alimentos &amp; Bebidas<\/span>\n\t\t\t\t\t<span class=\"excerpt-line2\">Little Village, Chicago, Illinois<\/span>\n\t\t\t\t<\/div>\n\t\t\t\t<a href=\"https:\/\/a4cb.org\/es\/client-stories\/la-chaparrita\/\" class=\"excerpt-link\">Leer M\u00e1s<span>&rsaquo;<\/span><\/a>\n\t\t\t<\/div>\n\t\t<\/article>                    <\/li>\n                                    <li class=\"splide__slide\">\n                        \n\t\t<article class=\"excerpt excerpt-story post-19213 stories type-stories status-publish has-post-thumbnail hentry services-asesoria services-prestamos industries-alimentos-bebidas\" id=\"post-19213\">\n\t\t\t<div class=\"excerpt-image\">\n\t\t\t\t<img loading=\"lazy\" decoding=\"async\" width=\"700\" height=\"466\" src=\"https:\/\/a4cb.org\/wp-content\/uploads\/2022\/08\/Z62_0756-scaled.jpg\" class=\"attachment-700x510 size-700x510 wp-post-image\" alt=\"\" srcset=\"https:\/\/a4cb.org\/wp-content\/uploads\/2022\/08\/Z62_0756-scaled.jpg 2560w, https:\/\/a4cb.org\/wp-content\/uploads\/2022\/08\/Z62_0756-scaled-300x200.jpg?theia_smart_thumbnails_file_version=2 300w, https:\/\/a4cb.org\/wp-content\/uploads\/2022\/08\/Z62_0756-scaled-1024x681.jpg?theia_smart_thumbnails_file_version=2 1024w, https:\/\/a4cb.org\/wp-content\/uploads\/2022\/08\/Z62_0756-scaled-768x511.jpg?theia_smart_thumbnails_file_version=2 768w, https:\/\/a4cb.org\/wp-content\/uploads\/2022\/08\/Z62_0756-scaled-1536x1022.jpg?theia_smart_thumbnails_file_version=2 1536w, https:\/\/a4cb.org\/wp-content\/uploads\/2022\/08\/Z62_0756-scaled-2048x1362.jpg?theia_smart_thumbnails_file_version=2 2048w\" sizes=\"auto, (max-width: 700px) 100vw, 700px\" \/>\t\t\t<\/div>\n\t\t\t<div class=\"excerpt-content\">\n\t\t\t\t<div class=\"excerpt-wrap\">\n\t\t\t\t\t<h2 class=\"excerpt-title excerpt-title-l\">Whadda Jerk<\/h2>\n\t\t\t\t\t<span class=\"excerpt-line1\">Thomas Brewer | Alimentos &amp; Bebidas<\/span>\n\t\t\t\t\t<span class=\"excerpt-line2\">Chicago, IL<\/span>\n\t\t\t\t<\/div>\n\t\t\t\t<a href=\"https:\/\/a4cb.org\/es\/client-stories\/whadda-jerk\/\" class=\"excerpt-link\">Leer M\u00e1s<span>&rsaquo;<\/span><\/a>\n\t\t\t<\/div>\n\t\t<\/article>                    <\/li>\n                                    <li class=\"splide__slide\">\n                        \n\t\t<article class=\"excerpt excerpt-story post-19072 stories type-stories status-publish has-post-thumbnail hentry services-asesoria industries-alimentos-bebidas\" id=\"post-19072\">\n\t\t\t<div class=\"excerpt-image\">\n\t\t\t\t<img loading=\"lazy\" decoding=\"async\" width=\"510\" height=\"510\" src=\"https:\/\/a4cb.org\/wp-content\/uploads\/2022\/05\/Saigon-Sisters_cropped.jpg\" class=\"attachment-700x510 size-700x510 wp-post-image\" alt=\"\" srcset=\"https:\/\/a4cb.org\/wp-content\/uploads\/2022\/05\/Saigon-Sisters_cropped.jpg 2554w, https:\/\/a4cb.org\/wp-content\/uploads\/2022\/05\/Saigon-Sisters_cropped-300x300.jpg?theia_smart_thumbnails_file_version=2 300w, https:\/\/a4cb.org\/wp-content\/uploads\/2022\/05\/Saigon-Sisters_cropped-1024x1024.jpg?theia_smart_thumbnails_file_version=2 1024w, https:\/\/a4cb.org\/wp-content\/uploads\/2022\/05\/Saigon-Sisters_cropped-150x150.jpg?theia_smart_thumbnails_file_version=2 150w, https:\/\/a4cb.org\/wp-content\/uploads\/2022\/05\/Saigon-Sisters_cropped-768x768.jpg?theia_smart_thumbnails_file_version=2 768w, https:\/\/a4cb.org\/wp-content\/uploads\/2022\/05\/Saigon-Sisters_cropped-1536x1536.jpg?theia_smart_thumbnails_file_version=2 1536w, https:\/\/a4cb.org\/wp-content\/uploads\/2022\/05\/Saigon-Sisters_cropped-2048x2048.jpg?theia_smart_thumbnails_file_version=2 2048w\" sizes=\"auto, (max-width: 510px) 100vw, 510px\" \/>\t\t\t<\/div>\n\t\t\t<div class=\"excerpt-content\">\n\t\t\t\t<div class=\"excerpt-wrap\">\n\t\t\t\t\t<h2 class=\"excerpt-title excerpt-title-l\">Saigon Sisters<\/h2>\n\t\t\t\t\t<span class=\"excerpt-line1\">Mary Aregoni | Alimentos &amp; Bebidas<\/span>\n\t\t\t\t\t<span class=\"excerpt-line2\">West Loop, Chicago, IL<\/span>\n\t\t\t\t<\/div>\n\t\t\t\t<a href=\"https:\/\/a4cb.org\/es\/client-stories\/saigon-sisters-2\/\" class=\"excerpt-link\">Leer M\u00e1s<span>&rsaquo;<\/span><\/a>\n\t\t\t<\/div>\n\t\t<\/article>                    <\/li>\n                                    <li class=\"splide__slide\">\n                        \n\t\t<article class=\"excerpt excerpt-story post-19071 stories type-stories status-publish has-post-thumbnail hentry services-asesoria industries-ropa\" id=\"post-19071\">\n\t\t\t<div class=\"excerpt-image\">\n\t\t\t\t<img loading=\"lazy\" decoding=\"async\" width=\"700\" height=\"466\" src=\"https:\/\/a4cb.org\/wp-content\/uploads\/2022\/05\/Z63_6838-scaled.jpg\" class=\"attachment-700x510 size-700x510 wp-post-image\" alt=\"\" srcset=\"https:\/\/a4cb.org\/wp-content\/uploads\/2022\/05\/Z63_6838-scaled.jpg 2560w, https:\/\/a4cb.org\/wp-content\/uploads\/2022\/05\/Z63_6838-scaled-300x200.jpg?theia_smart_thumbnails_file_version=2 300w, https:\/\/a4cb.org\/wp-content\/uploads\/2022\/05\/Z63_6838-scaled-1024x681.jpg?theia_smart_thumbnails_file_version=2 1024w, https:\/\/a4cb.org\/wp-content\/uploads\/2022\/05\/Z63_6838-scaled-768x511.jpg?theia_smart_thumbnails_file_version=2 768w, https:\/\/a4cb.org\/wp-content\/uploads\/2022\/05\/Z63_6838-scaled-1536x1022.jpg?theia_smart_thumbnails_file_version=2 1536w, https:\/\/a4cb.org\/wp-content\/uploads\/2022\/05\/Z63_6838-scaled-2048x1362.jpg?theia_smart_thumbnails_file_version=2 2048w\" sizes=\"auto, (max-width: 700px) 100vw, 700px\" \/>\t\t\t<\/div>\n\t\t\t<div class=\"excerpt-content\">\n\t\t\t\t<div class=\"excerpt-wrap\">\n\t\t\t\t\t<h2 class=\"excerpt-title excerpt-title-l\">Agriculture<\/h2>\n\t\t\t\t\t<span class=\"excerpt-line1\">Milton Latrell | Ropa<\/span>\n\t\t\t\t\t<span class=\"excerpt-line2\">Gold Coast, Chicago, IL<\/span>\n\t\t\t\t<\/div>\n\t\t\t\t<a href=\"https:\/\/a4cb.org\/es\/client-stories\/agriculture-2\/\" class=\"excerpt-link\">Leer M\u00e1s<span>&rsaquo;<\/span><\/a>\n\t\t\t<\/div>\n\t\t<\/article>                    <\/li>\n                                    <li class=\"splide__slide\">\n                        \n\t\t<article class=\"excerpt excerpt-story post-19070 stories type-stories status-publish has-post-thumbnail hentry services-asesoria industries-ropa\" id=\"post-19070\">\n\t\t\t<div class=\"excerpt-image\">\n\t\t\t\t<img loading=\"lazy\" decoding=\"async\" width=\"700\" height=\"466\" src=\"https:\/\/a4cb.org\/wp-content\/uploads\/2022\/06\/SLC_3117-scaled.jpg\" class=\"attachment-700x510 size-700x510 wp-post-image\" alt=\"\" srcset=\"https:\/\/a4cb.org\/wp-content\/uploads\/2022\/06\/SLC_3117-scaled.jpg 2560w, https:\/\/a4cb.org\/wp-content\/uploads\/2022\/06\/SLC_3117-scaled-300x200.jpg?theia_smart_thumbnails_file_version=2 300w, https:\/\/a4cb.org\/wp-content\/uploads\/2022\/06\/SLC_3117-scaled-1024x681.jpg?theia_smart_thumbnails_file_version=2 1024w, https:\/\/a4cb.org\/wp-content\/uploads\/2022\/06\/SLC_3117-scaled-768x511.jpg?theia_smart_thumbnails_file_version=2 768w, https:\/\/a4cb.org\/wp-content\/uploads\/2022\/06\/SLC_3117-scaled-1536x1022.jpg?theia_smart_thumbnails_file_version=2 1536w, https:\/\/a4cb.org\/wp-content\/uploads\/2022\/06\/SLC_3117-scaled-2048x1362.jpg?theia_smart_thumbnails_file_version=2 2048w\" sizes=\"auto, (max-width: 700px) 100vw, 700px\" \/>\t\t\t<\/div>\n\t\t\t<div class=\"excerpt-content\">\n\t\t\t\t<div class=\"excerpt-wrap\">\n\t\t\t\t\t<h2 class=\"excerpt-title excerpt-title-l\">Englewood Branded<\/h2>\n\t\t\t\t\t<span class=\"excerpt-line1\">Corie Luckett | Ropa<\/span>\n\t\t\t\t\t<span class=\"excerpt-line2\">Englewood, Chicago, IL<\/span>\n\t\t\t\t<\/div>\n\t\t\t\t<a href=\"https:\/\/a4cb.org\/es\/client-stories\/englewood-branded-2\/\" class=\"excerpt-link\">Leer M\u00e1s<span>&rsaquo;<\/span><\/a>\n\t\t\t<\/div>\n\t\t<\/article>                    <\/li>\n                \n                <\/ul>\n            <\/div>\n        <\/div>\n    <\/div>\n\n    <div class=\"py-60 flex flex-justify-center\">\n                <a href=\"https:\/\/a4cb.org\/es\/client-stories\/\" class=\"button\">Ver todas las historias<\/a>\n    <\/div>\n<\/div>\n\n\n\n\n<div id=\"cta-block_600619cb2d88f\" class=\"alignfull has-blue-30-background-color py-60 py-90-l  block-cta\">\n    <div class=\"container\">\n                    <div class=\"cta-column\">\n                <h4 class=\"cta-action\">\u00bfConoce alguna peque\u00f1a empresa a la que podamos apoyar?<\/h4>\n                <p class=\"cta-blurb\"><\/p>                <a href=\"https:\/\/app.smartsheet.com\/b\/form\/786cb5c2972e4f3085855792a3a8257d\" class=\"button cta-button\">Referencias<\/a>                    \n            <\/div>\n                    <div class=\"cta-column\">\n                <h4 class=\"cta-action\">Ver nuestras vendedores<\/h4>\n                <p class=\"cta-blurb\"><\/p>                <a href=\"https:\/\/a4cb.org\/marketplace\/\" class=\"button cta-button\">Comprar<\/a>                    \n            <\/div>\n            <\/div>\n<\/div>","protected":false},"excerpt":{"rendered":"<p>Creemos que los emprendedores de cualquier origen pueden iniciar y hacer crecer empresas que generen riqueza para sus familias y&hellip;<\/p>\n","protected":false},"author":2,"featured_media":0,"parent":0,"menu_order":2,"comment_status":"closed","ping_status":"closed","template":"","meta":{"_acf_changed":false,"footnotes":""},"class_list":["post-1176","page","type-page","status-publish","hentry"],"acf":[],"yoast_head":"<!-- This site is optimized with the Yoast SEO plugin v26.3 - https:\/\/yoast.com\/wordpress\/plugins\/seo\/ -->\n<title>Clientes &#8226; Allies for Community Business<\/title>\n<meta name=\"robots\" content=\"index, follow, max-snippet:-1, max-image-preview:large, max-video-preview:-1\" \/>\n<link rel=\"canonical\" href=\"https:\/\/a4cb.org\/es\/clientes\/\" \/>\n<meta property=\"og:locale\" content=\"es_ES\" \/>\n<meta property=\"og:type\" content=\"article\" \/>\n<meta property=\"og:title\" content=\"Clientes &#8226; Allies for Community Business\" \/>\n<meta property=\"og:description\" content=\"Creemos que los emprendedores de cualquier origen pueden iniciar y hacer crecer empresas que generen riqueza para sus familias y&hellip;\" \/>\n<meta property=\"og:url\" content=\"https:\/\/a4cb.org\/es\/clientes\/\" \/>\n<meta property=\"og:site_name\" content=\"Allies for Community Business\" \/>\n<meta property=\"article:publisher\" content=\"https:\/\/www.facebook.com\/Allies4CB\" \/>\n<meta property=\"article:modified_time\" content=\"2022-08-25T16:48:16+00:00\" \/>\n<meta property=\"og:image\" content=\"https:\/\/a4cb.org\/wp-content\/uploads\/2021\/01\/A4BC-social-scaled.jpg\" \/>\n\t<meta property=\"og:image:width\" content=\"2560\" \/>\n\t<meta property=\"og:image:height\" content=\"1707\" \/>\n\t<meta property=\"og:image:type\" content=\"image\/jpeg\" \/>\n<meta name=\"twitter:card\" content=\"summary_large_image\" \/>\n<meta name=\"twitter:site\" content=\"@Allies4CB\" \/>\n<meta name=\"twitter:label1\" content=\"Tiempo de lectura\" \/>\n\t<meta name=\"twitter:data1\" content=\"1 minuto\" \/>\n<script type=\"application\/ld+json\" class=\"yoast-schema-graph\">{\"@context\":\"https:\/\/schema.org\",\"@graph\":[{\"@type\":\"WebPage\",\"@id\":\"https:\/\/a4cb.org\/es\/clientes\/\",\"url\":\"https:\/\/a4cb.org\/es\/clientes\/\",\"name\":\"Clientes &#8226; Allies for Community Business\",\"isPartOf\":{\"@id\":\"https:\/\/a4cb.org\/es\/#website\"},\"datePublished\":\"2021-01-27T01:33:47+00:00\",\"dateModified\":\"2022-08-25T16:48:16+00:00\",\"breadcrumb\":{\"@id\":\"https:\/\/a4cb.org\/es\/clientes\/#breadcrumb\"},\"inLanguage\":\"es\",\"potentialAction\":[{\"@type\":\"ReadAction\",\"target\":[\"https:\/\/a4cb.org\/es\/clientes\/\"]}]},{\"@type\":\"BreadcrumbList\",\"@id\":\"https:\/\/a4cb.org\/es\/clientes\/#breadcrumb\",\"itemListElement\":[{\"@type\":\"ListItem\",\"position\":1,\"name\":\"P\u00e1gina principal\",\"item\":\"https:\/\/a4cb.org\/es\/\"},{\"@type\":\"ListItem\",\"position\":2,\"name\":\"Clientes\"}]},{\"@type\":\"WebSite\",\"@id\":\"https:\/\/a4cb.org\/es\/#website\",\"url\":\"https:\/\/a4cb.org\/es\/\",\"name\":\"Allies for Community Business\",\"description\":\"\",\"publisher\":{\"@id\":\"https:\/\/a4cb.org\/es\/#organization\"},\"potentialAction\":[{\"@type\":\"SearchAction\",\"target\":{\"@type\":\"EntryPoint\",\"urlTemplate\":\"https:\/\/a4cb.org\/es\/?s={search_term_string}\"},\"query-input\":{\"@type\":\"PropertyValueSpecification\",\"valueRequired\":true,\"valueName\":\"search_term_string\"}}],\"inLanguage\":\"es\"},{\"@type\":\"Organization\",\"@id\":\"https:\/\/a4cb.org\/es\/#organization\",\"name\":\"Allies for Community Business\",\"url\":\"https:\/\/a4cb.org\/es\/\",\"logo\":{\"@type\":\"ImageObject\",\"inLanguage\":\"es\",\"@id\":\"https:\/\/a4cb.org\/es\/#\/schema\/logo\/image\/\",\"url\":\"https:\/\/a4cb.org\/wp-content\/uploads\/2021\/01\/A4BC-social-scaled.jpg\",\"contentUrl\":\"https:\/\/a4cb.org\/wp-content\/uploads\/2021\/01\/A4BC-social-scaled.jpg\",\"width\":2560,\"height\":1707,\"caption\":\"Allies for Community Business\"},\"image\":{\"@id\":\"https:\/\/a4cb.org\/es\/#\/schema\/logo\/image\/\"},\"sameAs\":[\"https:\/\/www.facebook.com\/Allies4CB\",\"https:\/\/x.com\/Allies4CB\",\"https:\/\/www.instagram.com\/allies4cb\/\",\"https:\/\/www.linkedin.com\/company\/a4cb\"]}]}<\/script>\n<!-- \/ Yoast SEO plugin. -->","yoast_head_json":{"title":"Clientes &#8226; Allies for Community Business","robots":{"index":"index","follow":"follow","max-snippet":"max-snippet:-1","max-image-preview":"max-image-preview:large","max-video-preview":"max-video-preview:-1"},"canonical":"https:\/\/a4cb.org\/es\/clientes\/","og_locale":"es_ES","og_type":"article","og_title":"Clientes &#8226; Allies for Community Business","og_description":"Creemos que los emprendedores de cualquier origen pueden iniciar y hacer crecer empresas que generen riqueza para sus familias y&hellip;","og_url":"https:\/\/a4cb.org\/es\/clientes\/","og_site_name":"Allies for Community Business","article_publisher":"https:\/\/www.facebook.com\/Allies4CB","article_modified_time":"2022-08-25T16:48:16+00:00","og_image":[{"width":2560,"height":1707,"url":"https:\/\/a4cb.org\/wp-content\/uploads\/2021\/01\/A4BC-social-scaled.jpg","type":"image\/jpeg"}],"twitter_card":"summary_large_image","twitter_site":"@Allies4CB","twitter_misc":{"Tiempo de lectura":"1 minuto"},"schema":{"@context":"https:\/\/schema.org","@graph":[{"@type":"WebPage","@id":"https:\/\/a4cb.org\/es\/clientes\/","url":"https:\/\/a4cb.org\/es\/clientes\/","name":"Clientes &#8226; Allies for Community Business","isPartOf":{"@id":"https:\/\/a4cb.org\/es\/#website"},"datePublished":"2021-01-27T01:33:47+00:00","dateModified":"2022-08-25T16:48:16+00:00","breadcrumb":{"@id":"https:\/\/a4cb.org\/es\/clientes\/#breadcrumb"},"inLanguage":"es","potentialAction":[{"@type":"ReadAction","target":["https:\/\/a4cb.org\/es\/clientes\/"]}]},{"@type":"BreadcrumbList","@id":"https:\/\/a4cb.org\/es\/clientes\/#breadcrumb","itemListElement":[{"@type":"ListItem","position":1,"name":"P\u00e1gina principal","item":"https:\/\/a4cb.org\/es\/"},{"@type":"ListItem","position":2,"name":"Clientes"}]},{"@type":"WebSite","@id":"https:\/\/a4cb.org\/es\/#website","url":"https:\/\/a4cb.org\/es\/","name":"Allies for Community Business","description":"","publisher":{"@id":"https:\/\/a4cb.org\/es\/#organization"},"potentialAction":[{"@type":"SearchAction","target":{"@type":"EntryPoint","urlTemplate":"https:\/\/a4cb.org\/es\/?s={search_term_string}"},"query-input":{"@type":"PropertyValueSpecification","valueRequired":true,"valueName":"search_term_string"}}],"inLanguage":"es"},{"@type":"Organization","@id":"https:\/\/a4cb.org\/es\/#organization","name":"Allies for Community Business","url":"https:\/\/a4cb.org\/es\/","logo":{"@type":"ImageObject","inLanguage":"es","@id":"https:\/\/a4cb.org\/es\/#\/schema\/logo\/image\/","url":"https:\/\/a4cb.org\/wp-content\/uploads\/2021\/01\/A4BC-social-scaled.jpg","contentUrl":"https:\/\/a4cb.org\/wp-content\/uploads\/2021\/01\/A4BC-social-scaled.jpg","width":2560,"height":1707,"caption":"Allies for Community Business"},"image":{"@id":"https:\/\/a4cb.org\/es\/#\/schema\/logo\/image\/"},"sameAs":["https:\/\/www.facebook.com\/Allies4CB","https:\/\/x.com\/Allies4CB","https:\/\/www.instagram.com\/allies4cb\/","https:\/\/www.linkedin.com\/company\/a4cb"]}]}},"_links":{"self":[{"href":"https:\/\/a4cb.org\/es\/wp-json\/wp\/v2\/pages\/1176","targetHints":{"allow":["GET"]}}],"collection":[{"href":"https:\/\/a4cb.org\/es\/wp-json\/wp\/v2\/pages"}],"about":[{"href":"https:\/\/a4cb.org\/es\/wp-json\/wp\/v2\/types\/page"}],"author":[{"embeddable":true,"href":"https:\/\/a4cb.org\/es\/wp-json\/wp\/v2\/users\/2"}],"replies":[{"embeddable":true,"href":"https:\/\/a4cb.org\/es\/wp-json\/wp\/v2\/comments?post=1176"}],"version-history":[{"count":0,"href":"https:\/\/a4cb.org\/es\/wp-json\/wp\/v2\/pages\/1176\/revisions"}],"wp:attachment":[{"href":"https:\/\/a4cb.org\/es\/wp-json\/wp\/v2\/media?parent=1176"}],"curies":[{"name":"wp","href":"https:\/\/api.w.org\/{rel}","templated":true}]}}