{"id":1205,"date":"2021-01-27T08:19:45","date_gmt":"2021-01-27T14:19:45","guid":{"rendered":"https:\/\/a4cb.org\/?page_id=1205"},"modified":"2021-09-07T11:00:05","modified_gmt":"2021-09-07T16:00:05","slug":"contacto","status":"publish","type":"page","link":"https:\/\/a4cb.org\/es\/contacto\/","title":{"rendered":"Comun\u00edquese con Nosotros"},"content":{"rendered":"\n<div id=\"intro-block_6006087285c17\" class=\"alignfull has-white-color has-navy-70-background-color  block-intro\">\n    <div class=\"container\">\n        <div class=\"row py-90\">\n            <div class=\"col-12 col-4-l\">\n                <h1 class=\"intro-headline has-white-color\">Comun\u00edquese con Nosotros<\/h1>\n            <\/div>\n            <div class=\"col-12 col-8-l\">\n                <div class=\"intro-blurb font-600 h3\"><\/div>\n\n                                \n                                    <div class=\"row intro-columns pt-20\">\n                                                <div class=\"col-12 col-4-l has-small-font-size\">\n                            <div><\/div>                            <strong><\/strong>\n                            <p><\/p>\n                        <\/div>\n                                            <div class=\"col-12 col-4-l has-small-font-size\">\n                            <div><\/div>                            <strong><\/strong>\n                            <p><\/p>\n                        <\/div>\n                                            <div class=\"col-12 col-4-l has-small-font-size\">\n                            <div><\/div>                            <strong><\/strong>\n                            <p><strong>Contacto<\/strong><br\/>135 N Kedzie Ave<br\/>Chicago, IL 60612<br\/>(312)-275-3000<br\/><a href=\"mailto:info@a4cb.org\">info@a4cb.org<\/a><\/p>\n                        <\/div>\n                     \n                    <\/div>\n                \n            <\/div>\n        <\/div>\n    <\/div>\n<\/div>\n\n\n<div style=\"height:90px\" aria-hidden=\"true\" class=\"wp-block-spacer is-style-default\"><\/div>\n\n\n\n<div class=\"wp-block-columns is-layout-flex wp-container-core-columns-is-layout-9d6595d7 wp-block-columns-is-layout-flex\">\n<div class=\"wp-block-column is-layout-flow wp-block-column-is-layout-flow\">\n<h2 class=\"wp-block-heading\"><strong>Programe una Sesi\u00f3n de Asesor\u00eda con un Aliado<\/strong><\/h2>\n\n\n\n<p><br>Nuestra asesor\u00eda es gratuita y le dedicaremos todo el tiempo que necesite su empresa. Primero lo escucharemos. A continuaci\u00f3n, hablaremos con usted sobre lo que est\u00e1 tratando de lograr con su empresa, qu\u00e9 dificultades est\u00e1 tratando de superar y c\u00f3mo cree que podemos ayudar.<\/p>\n\n\n\n<p id=\"tw-target-text\">!Haga click en el enlace a continuaci\u00f3n para comenzar con un aliado!<\/p>\n\n\n\n<div class=\"wp-block-buttons is-layout-flex wp-block-buttons-is-layout-flex\">\n<div class=\"wp-block-button\"><a class=\"wp-block-button__link\" href=\"https:\/\/a4cb.org\/es\/programe-una-sesion\"><strong>Programe una sesi\u00f3n<\/strong><\/a><\/div>\n<\/div>\n<\/div>\n\n\n\n<div class=\"wp-block-column is-layout-flow wp-block-column-is-layout-flow\">\n<h2 class=\"wp-block-heading\"><strong>Env\u00edenos una nota<\/strong><\/h2>\n\n\n\t\t\t<link rel=\"stylesheet\" property=\"stylesheet\" href=\"https:\/\/a4cb.org\/wp-content\/plugins\/happyforms\/bundles\/css\/frontend.css\" \/>\n\t\t\t\t<!-- HappyForms CSS variables -->\n\t<style>\n\t#forms {\n\t\t--happyforms-part-title-font-size: 16px;\n--happyforms-part-description-font-size: 14px;\n--happyforms-part-value-font-size: 16px;\n--happyforms-submit-button-font-size: 16px;\n--happyforms-color-primary: #000000;\n--happyforms-color-success-notice: #ebf9f0;\n--happyforms-color-success-notice-text: #1eb452;\n--happyforms-color-error: #f23000;\n--happyforms-color-error-notice: #ffeeea;\n--happyforms-color-error-notice-text: #f23000;\n--happyforms-color-part-title: #000000;\n--happyforms-color-part-value: #000000;\n--happyforms-color-part-placeholder: #888888;\n--happyforms-color-part-description: #454545;\n--happyforms-color-part-border: #dbdbdb;\n--happyforms-color-part-border-focus: #7aa4ff;\n--happyforms-color-part-background: #eef5f7;\n--happyforms-color-part-background-focus: #ffffff;\n--happyforms-color-submit-background: #000000;\n--happyforms-color-submit-background-hover: #000000;\n--happyforms-color-submit-border: transparent;\n--happyforms-color-submit-text: #ffffff;\n--happyforms-color-submit-text-hover: #ffffff;\n--happyforms-color-table-row-odd: #fcfcfc;\n--happyforms-color-table-row-even: #efefef;\n--happyforms-color-table-row-odd-text: #000000;\n--happyforms-color-table-row-even-text: #000000;\n--happyforms-color-dropdown-item-bg: #ffffff;\n--happyforms-color-dropdown-item-text: #000000;\n--happyforms-color-dropdown-item-bg-hover: #f4f4f5;\n--happyforms-color-dropdown-item-text-hover: #000000;\n--happyforms-color-divider-hr: #cccccc;\n--happyforms-color-choice-checkmark-bg: #ffffff;\n--happyforms-color-choice-checkmark-bg-focus: #000000;\n--happyforms-color-choice-checkmark-color: #ffffff;\n\t}\n\t<\/style>\n\t<!-- End of HappyForms CSS variables -->\n\t\t<!-- HappyForms Additional CSS -->\n\t<style data-happyforms-additional-css>\n\t\t<\/style>\n\t<!-- End of HappyForms Additional CSS -->\n\t\t\t<link rel=\"stylesheet\" type=\"text\/css\" href=\"https:\/\/a4cb.org\/wp-content\/plugins\/happyforms\/core\/assets\/css\/no-interaction.css\">\n\t\t<div class=\"happyforms-form happyforms-styles happyforms-form--part-border-off happyforms-form--part-border-radius-square happyforms-form--part-title-font-weight-bold\" id=\"forms\">\n\t\t\n\t<form action=\"\" id=\"happyforms-form-1212\" method=\"post\" novalidate=\"true\" autocomplete=\"off\">\n\t\t\t\t<input type=\"hidden\" name=\"happyforms_random_seed\" value=\"3977735411\" \/>\n\t\t\n\t\t\t<input type=\"hidden\" name=\"action\" value=\"happyforms_message\">\n\t\t\t\t<input type=\"hidden\" name=\"client_referer\" value=\"\">\n\t\t\t\t<input type=\"hidden\" name=\"current_post_id\" value=\"\">\n\t\t\t\t<input type=\"hidden\" name=\"happyforms_form_id\" value=\"1212\" \/>\n\t\t\t\t<input type=\"hidden\" name=\"happyforms_step\" value=\"0\" \/>\n\t\n\t\t<div class=\"happyforms-flex\">\n\t\t\t\t<label for=\"1212-number\" class=\"screen-reader-text\">Leave this field blank<\/label>\n\t<input type=\"text\" id=\"1212-number\" name=\"1212-number\" style=\"display: none;\" tabindex=\"-1\" autocomplete=\"off\" aria-hidden=\"true\">\n\t\t\t\t\t\t\t\t\t\t<div class=\"happyforms-form__part happyforms-part happyforms-part--single_line_text happyforms-part--width-full happyforms-part--label-\" id=\"happyforms-1212_single_line_text_0-part\" data-happyforms-type=\"single_line_text\" data-happyforms-id=\"single_line_text_0\" data-happyforms-required=\"\">\n\t<div class=\"happyforms-part-wrap\">\n\t\t\n\t\t\t\t\t\t<div class=\"happyforms-part__label-container\">\n\t\t\t\t<label for=\"happyforms-1212_single_line_text_0\" class=\"happyforms-part__label\">\n\t\t\t<span class=\"label\">Nombre<\/span>\n\t\t\t\t\t\t\t\t\t\t<span class=\"happyforms-required\"><\/span>\n\t\t\t\t\t\t\t\t\t\t<span class=\"happyforms-optional\">(optional)<\/span>\n\t\t\t\t\t<\/label>\n\t\t\t<\/div>\n\t\t\t\n\t\t\n\t\t<div class=\"happyforms-part__el\">\n\t\t\t\n\t\t\t\n\t\t\t<div class=\"happyforms-input\">\n\t\t\t\t\n\t\t\t\t<input id=\"happyforms-1212_single_line_text_0\" type=\"text\" name=\"1212_single_line_text_0\" value=\"\" placeholder=\"\" autocomplete=\"off\" spellcheck=\"false\"  autocorrect=\"off\" \/>\n\t\t\t\t\t\t\t<\/div>\n\n\t\t\t\n\t\t\t\n\t\t\t\t\t<\/div>\n\t<\/div>\n<\/div>\n<div class=\"happyforms-part--with-autocomplete happyforms-form__part happyforms-part happyforms-part--email happyforms-part--width-full happyforms-part--label-\" id=\"happyforms-1212_email_6-part\" data-happyforms-type=\"email\" data-happyforms-id=\"email_6\" data-happyforms-required=\"\">\n\t\t<div class=\"happyforms-part-wrap\">\n\t\t\t\t\t\t<div class=\"happyforms-part__label-container\">\n\t\t\t\t<label for=\"happyforms-1212_email_6\" class=\"happyforms-part__label\">\n\t\t\t<span class=\"label\">Correo electr\u00f3nico<\/span>\n\t\t\t\t\t\t\t\t\t\t<span class=\"happyforms-required\"><\/span>\n\t\t\t\t\t\t\t\t\t\t<span class=\"happyforms-optional\">(optional)<\/span>\n\t\t\t\t\t<\/label>\n\t\t\t<\/div>\n\t\t\t\n\t\t\n\t\t<div class=\"happyforms-part__el\">\n\t\t\t\n\t\t\t\n\t\t\t<div class=\"happyforms-input\">\n\t\t\t\t<input type=\"email\" name=\"1212_email_6\" id=\"happyforms-1212_email_6\" value=\"\" placeholder=\"\" autocomplete=\"off\" spellcheck=\"false\"  autocorrect=\"off\" \/>\n\t\t\t\t\t\t\t<\/div>\n\n\t\t\t\n\t\t\t\n\t\t\t\t\t<\/div>\n\t<\/div>\n<\/div>\n<div class=\"happyforms-part-select--required happyforms-form__part happyforms-part happyforms-part--select happyforms-part--width-full happyforms-part--label-\" id=\"happyforms-1212_select_7-part\" data-happyforms-type=\"select\" data-happyforms-id=\"select_7\" data-happyforms-required=\"\">\n\t<div class=\"happyforms-part-wrap\">\n\t\t\t<div class=\"happyforms-part__label-container\">\n\t\t\t\t<label for=\"happyforms-1212_select_7\" class=\"happyforms-part__label\">\n\t\t\t<span class=\"label\">Servicio<\/span>\n\t\t\t\t\t\t\t\t\t\t<span class=\"happyforms-required\"><\/span>\n\t\t\t\t\t\t\t\t\t\t<span class=\"happyforms-optional\">(optional)<\/span>\n\t\t\t\t\t<\/label>\n\t\t\t<\/div>\n\t\n\t\t\n\t\t\t\t<div class=\"happyforms-part__el\">\n\t\t\t\t\t\t<div class=\"happyforms-custom-select\">\n\t\t\t\t<div class=\"happyforms-part__select-wrap\">\n\t\t\t\t\t\t\t\t\t\t<select name=\"1212_select_7\" data-serialize class='happyforms-select' required>\n\t\t\t\t\t\t\t<option disabled hidden  selected value='' class=\"happyforms-placeholder-option\">Seleccione un servicio\u2026<\/option>\n\t\t\t\t\t\t\t\t\t\t\t\t\t\t\t\t\t\t\t\t\t\t\t\t\t<option value=\"0\"   id=\"select_7_option_1611260075690\">Pr\u00e9stamos <\/option>\n\t\t\t\t\t\t\t\t\t\t\t\t\t\t\t\t\t\t\t<option value=\"1\"   id=\"select_7_option_1611260075739\">Subvenciones <\/option>\n\t\t\t\t\t\t\t\t\t\t\t\t\t\t\t\t\t\t\t<option value=\"2\"   id=\"select_7_option_1611260075782\">Asesor\u00eda personal <\/option>\n\t\t\t\t\t\t\t\t\t\t\t\t\t\t\t\t\t\t\t<option value=\"3\"   id=\"select_7_option_1611260075826\">Asesor\u00eda grupal <\/option>\n\t\t\t\t\t\t\t\t\t\t\t\t\t\t\t\t\t\t\t<option value=\"4\"   id=\"select_7_option_1611260075869\">Licencias <\/option>\n\t\t\t\t\t\t\t\t\t\t\t\t\t\t\t\t\t\t\t<option value=\"5\"   id=\"select_7_option_1611260075917\">Obtenci\u00f3n de Contratos y Certificaciones <\/option>\n\t\t\t\t\t\t\t\t\t\t\t\t\t\t\t\t\t\t\t<option value=\"6\"   id=\"select_7_option_1611260075967\">Espacio de cocina <\/option>\n\t\t\t\t\t\t\t\t\t\t\t\t\t\t\t\t\t\t\t<option value=\"7\"   id=\"select_7_option_1611760173933\">Otro <\/option>\n\t\t\t\t\t\t\t\t\t\t\t\t\t\t\t\t\t\t\t\t\t\t\t<\/select>\n\t\t\t\t<\/div>\n\t\t\t<\/div>\n\n\t\t\t\n\t\t\t\n\t\t<\/div>\n\t<\/div>\n<\/div>\n<div class=\"happyforms-form__part happyforms-part happyforms-part--multi_line_text happyforms-part--width-full happyforms-part--label-\" id=\"happyforms-1212_multi_line_text_4-part\" data-happyforms-type=\"multi_line_text\" data-happyforms-id=\"multi_line_text_4\" data-happyforms-required=\"\">\n\t<div class=\"happyforms-part-wrap\">\n\t\t\t\t\t\t<div class=\"happyforms-part__label-container\">\n\t\t\t\t<label for=\"happyforms-1212_multi_line_text_4\" class=\"happyforms-part__label\">\n\t\t\t<span class=\"label\">Mensaje<\/span>\n\t\t\t\t\t\t\t\t\t\t<span class=\"happyforms-required\"><\/span>\n\t\t\t\t\t\t\t\t\t\t<span class=\"happyforms-optional\">(optional)<\/span>\n\t\t\t\t\t<\/label>\n\t\t\t<\/div>\n\t\t\t\n\t\t\n\t\t<div class=\"happyforms-part__el\">\n\t\t\t\n\t\t\t\t\t\t<textarea id=\"happyforms-1212_multi_line_text_4\" name=\"1212_multi_line_text_4\" rows=\"5\" placeholder=\"\" autocomplete=\"off\" spellcheck=\"false\" autocorrect=\"off\" ><\/textarea>\n\t\t\t\n\t\t\t\n\t\t\t\t\t<\/div>\n\t<\/div>\n<\/div>\n\t\t\t\t\t\t<div class=\"happyforms-form__part happyforms-part happyforms-part--submit\">\n\t\t<button type=\"submit\" class=\"happyforms-submit happyforms-button--submit \">Enviar<\/button>\n\t<\/div>\t\t<\/div>\n\n\t\t\t<\/form>\n\n\t<\/div>\n\n<\/div>\n<\/div>\n\n\n\n<div style=\"height:90px\" aria-hidden=\"true\" class=\"wp-block-spacer is-style-default\"><\/div>\n\n\n\n<div id=\"cta-block_60060bd11465a\" class=\"alignfull has-blue-30-background-color py-60 py-90-l  block-cta\">\n    <div class=\"container\">\n                    <div class=\"cta-column\">\n                <h4 class=\"cta-action\">\u00bfDesea apoyar nuestra misi\u00f3n?<\/h4>\n                <p class=\"cta-blurb\"><\/p>                <a href=\"https:\/\/a4cb.org\/donate\/\" class=\"button cta-button\">Haga una donaci\u00f3n<\/a>                    \n            <\/div>\n                    <div class=\"cta-column\">\n                <h4 class=\"cta-action\">\u00bfConoce alguna peque\u00f1a empresa a la que podamos apoyar?<\/h4>\n                <p class=\"cta-blurb\"><\/p>                <a href=\"https:\/\/app.smartsheet.com\/b\/form\/786cb5c2972e4f3085855792a3a8257d\" class=\"button cta-button\">Referencias<\/a>                    \n            <\/div>\n                    <div class=\"cta-column\">\n                <h4 class=\"cta-action\">\u00bfDesea ponerse en contacto con nuestra comunidad?<\/h4>\n                <p class=\"cta-blurb\"><\/p>                <a href=\"https:\/\/a4cb.org\/events\/\" class=\"button cta-button\">Eventos<\/a>                    \n            <\/div>\n            <\/div>\n<\/div>","protected":false},"excerpt":{"rendered":"<p>Programe una Sesi\u00f3n de Asesor\u00eda con un Aliado Nuestra asesor\u00eda es gratuita y le dedicaremos todo el tiempo que necesite&hellip;<\/p>\n","protected":false},"author":2,"featured_media":0,"parent":0,"menu_order":7,"comment_status":"closed","ping_status":"closed","template":"","meta":{"_acf_changed":false,"footnotes":""},"class_list":["post-1205","page","type-page","status-publish","hentry"],"acf":[],"yoast_head":"<!-- This site is optimized with the Yoast SEO plugin v26.3 - https:\/\/yoast.com\/wordpress\/plugins\/seo\/ -->\n<title>Comun\u00edquese con Nosotros &#8226; Allies for Community Business<\/title>\n<meta name=\"robots\" content=\"index, follow, max-snippet:-1, max-image-preview:large, max-video-preview:-1\" \/>\n<link rel=\"canonical\" href=\"https:\/\/a4cb.org\/es\/contacto\/\" \/>\n<meta property=\"og:locale\" content=\"es_ES\" \/>\n<meta property=\"og:type\" content=\"article\" \/>\n<meta property=\"og:title\" content=\"Comun\u00edquese con Nosotros &#8226; Allies for Community Business\" \/>\n<meta property=\"og:description\" content=\"Programe una Sesi\u00f3n de Asesor\u00eda con un Aliado Nuestra asesor\u00eda es gratuita y le dedicaremos todo el tiempo que necesite&hellip;\" \/>\n<meta property=\"og:url\" content=\"https:\/\/a4cb.org\/es\/contacto\/\" \/>\n<meta property=\"og:site_name\" content=\"Allies for Community Business\" \/>\n<meta property=\"article:publisher\" content=\"https:\/\/www.facebook.com\/Allies4CB\" \/>\n<meta property=\"article:modified_time\" content=\"2021-09-07T16:00:05+00:00\" \/>\n<meta property=\"og:image\" content=\"https:\/\/a4cb.org\/wp-content\/uploads\/2021\/01\/A4BC-social-scaled.jpg\" \/>\n\t<meta property=\"og:image:width\" content=\"2560\" \/>\n\t<meta property=\"og:image:height\" content=\"1707\" \/>\n\t<meta property=\"og:image:type\" content=\"image\/jpeg\" \/>\n<meta name=\"twitter:card\" content=\"summary_large_image\" \/>\n<meta name=\"twitter:site\" content=\"@Allies4CB\" \/>\n<meta name=\"twitter:label1\" content=\"Tiempo de lectura\" \/>\n\t<meta name=\"twitter:data1\" content=\"1 minuto\" \/>\n<script type=\"application\/ld+json\" class=\"yoast-schema-graph\">{\"@context\":\"https:\/\/schema.org\",\"@graph\":[{\"@type\":\"WebPage\",\"@id\":\"https:\/\/a4cb.org\/es\/contacto\/\",\"url\":\"https:\/\/a4cb.org\/es\/contacto\/\",\"name\":\"Comun\u00edquese con Nosotros &#8226; Allies for Community Business\",\"isPartOf\":{\"@id\":\"https:\/\/a4cb.org\/es\/#website\"},\"datePublished\":\"2021-01-27T14:19:45+00:00\",\"dateModified\":\"2021-09-07T16:00:05+00:00\",\"breadcrumb\":{\"@id\":\"https:\/\/a4cb.org\/es\/contacto\/#breadcrumb\"},\"inLanguage\":\"es\",\"potentialAction\":[{\"@type\":\"ReadAction\",\"target\":[\"https:\/\/a4cb.org\/es\/contacto\/\"]}]},{\"@type\":\"BreadcrumbList\",\"@id\":\"https:\/\/a4cb.org\/es\/contacto\/#breadcrumb\",\"itemListElement\":[{\"@type\":\"ListItem\",\"position\":1,\"name\":\"P\u00e1gina principal\",\"item\":\"https:\/\/a4cb.org\/es\/\"},{\"@type\":\"ListItem\",\"position\":2,\"name\":\"Comun\u00edquese con Nosotros\"}]},{\"@type\":\"WebSite\",\"@id\":\"https:\/\/a4cb.org\/es\/#website\",\"url\":\"https:\/\/a4cb.org\/es\/\",\"name\":\"Allies for Community Business\",\"description\":\"\",\"publisher\":{\"@id\":\"https:\/\/a4cb.org\/es\/#organization\"},\"potentialAction\":[{\"@type\":\"SearchAction\",\"target\":{\"@type\":\"EntryPoint\",\"urlTemplate\":\"https:\/\/a4cb.org\/es\/?s={search_term_string}\"},\"query-input\":{\"@type\":\"PropertyValueSpecification\",\"valueRequired\":true,\"valueName\":\"search_term_string\"}}],\"inLanguage\":\"es\"},{\"@type\":\"Organization\",\"@id\":\"https:\/\/a4cb.org\/es\/#organization\",\"name\":\"Allies for Community Business\",\"url\":\"https:\/\/a4cb.org\/es\/\",\"logo\":{\"@type\":\"ImageObject\",\"inLanguage\":\"es\",\"@id\":\"https:\/\/a4cb.org\/es\/#\/schema\/logo\/image\/\",\"url\":\"https:\/\/a4cb.org\/wp-content\/uploads\/2021\/01\/A4BC-social-scaled.jpg\",\"contentUrl\":\"https:\/\/a4cb.org\/wp-content\/uploads\/2021\/01\/A4BC-social-scaled.jpg\",\"width\":2560,\"height\":1707,\"caption\":\"Allies for Community Business\"},\"image\":{\"@id\":\"https:\/\/a4cb.org\/es\/#\/schema\/logo\/image\/\"},\"sameAs\":[\"https:\/\/www.facebook.com\/Allies4CB\",\"https:\/\/x.com\/Allies4CB\",\"https:\/\/www.instagram.com\/allies4cb\/\",\"https:\/\/www.linkedin.com\/company\/a4cb\"]}]}<\/script>\n<!-- \/ Yoast SEO plugin. -->","yoast_head_json":{"title":"Comun\u00edquese con Nosotros &#8226; Allies for Community Business","robots":{"index":"index","follow":"follow","max-snippet":"max-snippet:-1","max-image-preview":"max-image-preview:large","max-video-preview":"max-video-preview:-1"},"canonical":"https:\/\/a4cb.org\/es\/contacto\/","og_locale":"es_ES","og_type":"article","og_title":"Comun\u00edquese con Nosotros &#8226; Allies for Community Business","og_description":"Programe una Sesi\u00f3n de Asesor\u00eda con un Aliado Nuestra asesor\u00eda es gratuita y le dedicaremos todo el tiempo que necesite&hellip;","og_url":"https:\/\/a4cb.org\/es\/contacto\/","og_site_name":"Allies for Community Business","article_publisher":"https:\/\/www.facebook.com\/Allies4CB","article_modified_time":"2021-09-07T16:00:05+00:00","og_image":[{"width":2560,"height":1707,"url":"https:\/\/a4cb.org\/wp-content\/uploads\/2021\/01\/A4BC-social-scaled.jpg","type":"image\/jpeg"}],"twitter_card":"summary_large_image","twitter_site":"@Allies4CB","twitter_misc":{"Tiempo de lectura":"1 minuto"},"schema":{"@context":"https:\/\/schema.org","@graph":[{"@type":"WebPage","@id":"https:\/\/a4cb.org\/es\/contacto\/","url":"https:\/\/a4cb.org\/es\/contacto\/","name":"Comun\u00edquese con Nosotros &#8226; Allies for Community Business","isPartOf":{"@id":"https:\/\/a4cb.org\/es\/#website"},"datePublished":"2021-01-27T14:19:45+00:00","dateModified":"2021-09-07T16:00:05+00:00","breadcrumb":{"@id":"https:\/\/a4cb.org\/es\/contacto\/#breadcrumb"},"inLanguage":"es","potentialAction":[{"@type":"ReadAction","target":["https:\/\/a4cb.org\/es\/contacto\/"]}]},{"@type":"BreadcrumbList","@id":"https:\/\/a4cb.org\/es\/contacto\/#breadcrumb","itemListElement":[{"@type":"ListItem","position":1,"name":"P\u00e1gina principal","item":"https:\/\/a4cb.org\/es\/"},{"@type":"ListItem","position":2,"name":"Comun\u00edquese con Nosotros"}]},{"@type":"WebSite","@id":"https:\/\/a4cb.org\/es\/#website","url":"https:\/\/a4cb.org\/es\/","name":"Allies for Community Business","description":"","publisher":{"@id":"https:\/\/a4cb.org\/es\/#organization"},"potentialAction":[{"@type":"SearchAction","target":{"@type":"EntryPoint","urlTemplate":"https:\/\/a4cb.org\/es\/?s={search_term_string}"},"query-input":{"@type":"PropertyValueSpecification","valueRequired":true,"valueName":"search_term_string"}}],"inLanguage":"es"},{"@type":"Organization","@id":"https:\/\/a4cb.org\/es\/#organization","name":"Allies for Community Business","url":"https:\/\/a4cb.org\/es\/","logo":{"@type":"ImageObject","inLanguage":"es","@id":"https:\/\/a4cb.org\/es\/#\/schema\/logo\/image\/","url":"https:\/\/a4cb.org\/wp-content\/uploads\/2021\/01\/A4BC-social-scaled.jpg","contentUrl":"https:\/\/a4cb.org\/wp-content\/uploads\/2021\/01\/A4BC-social-scaled.jpg","width":2560,"height":1707,"caption":"Allies for Community Business"},"image":{"@id":"https:\/\/a4cb.org\/es\/#\/schema\/logo\/image\/"},"sameAs":["https:\/\/www.facebook.com\/Allies4CB","https:\/\/x.com\/Allies4CB","https:\/\/www.instagram.com\/allies4cb\/","https:\/\/www.linkedin.com\/company\/a4cb"]}]}},"_links":{"self":[{"href":"https:\/\/a4cb.org\/es\/wp-json\/wp\/v2\/pages\/1205","targetHints":{"allow":["GET"]}}],"collection":[{"href":"https:\/\/a4cb.org\/es\/wp-json\/wp\/v2\/pages"}],"about":[{"href":"https:\/\/a4cb.org\/es\/wp-json\/wp\/v2\/types\/page"}],"author":[{"embeddable":true,"href":"https:\/\/a4cb.org\/es\/wp-json\/wp\/v2\/users\/2"}],"replies":[{"embeddable":true,"href":"https:\/\/a4cb.org\/es\/wp-json\/wp\/v2\/comments?post=1205"}],"version-history":[{"count":0,"href":"https:\/\/a4cb.org\/es\/wp-json\/wp\/v2\/pages\/1205\/revisions"}],"wp:attachment":[{"href":"https:\/\/a4cb.org\/es\/wp-json\/wp\/v2\/media?parent=1205"}],"curies":[{"name":"wp","href":"https:\/\/api.w.org\/{rel}","templated":true}]}}