{"id":18646,"date":"2022-04-04T14:05:39","date_gmt":"2022-04-04T19:05:39","guid":{"rendered":"https:\/\/a4cb.org\/?page_id=18646"},"modified":"2022-07-14T13:19:33","modified_gmt":"2022-07-14T18:19:33","slug":"estrategas-de-negocios-voluntario","status":"publish","type":"page","link":"https:\/\/a4cb.org\/es\/estrategas-de-negocios-voluntario\/","title":{"rendered":"Estrategas de Negocios Voluntario"},"content":{"rendered":"\n<div id=\"intro-block_60065985ac882\" class=\"alignfull has-white-color has-blue-70-background-color  intro-shrink block-intro\">\n    <div class=\"container\">\n        <div class=\"row py-90\">\n            <div class=\"col-12 col-4-l\">\n                <h1 class=\"intro-headline has-white-color\"> Estrategas de Negocios Voluntario <\/h1>\n            <\/div>\n            <div class=\"col-12 col-8-l\">\n                <div class=\"intro-blurb font-600 h3\">\u00bfEs usted un banquero, consultor, o experto del negocio dispuesto a donar su tiempo para ayudar a que las empresas comunitarias crezcan? Complete nuestro formulario para expresar inter\u00e9s en unirse a nuestra red de Estrategas de Negocios Voluntarios.<\/div>\n\n                                \n                \n            <\/div>\n        <\/div>\n    <\/div>\n<\/div>\n\n\n<div style=\"height:100px\" aria-hidden=\"true\" class=\"wp-block-spacer is-style-gap90 is-style-spacer-s\"><\/div>\n\n\n\n<div class=\"wp-block-columns is-layout-flex wp-container-core-columns-is-layout-9d6595d7 wp-block-columns-is-layout-flex\">\n<div class=\"wp-block-column is-layout-flow wp-block-column-is-layout-flow\" style=\"flex-basis:33.33%\">\n<figure class=\"wp-block-image size-large\"><img loading=\"lazy\" decoding=\"async\" width=\"1024\" height=\"683\" src=\"https:\/\/a4cb.org\/wp-content\/uploads\/2022\/03\/AA5I2757-1024x683.jpg\" alt=\"\" class=\"wp-image-18602\" srcset=\"https:\/\/a4cb.org\/wp-content\/uploads\/2022\/03\/AA5I2757-1024x683.jpg 1024w, https:\/\/a4cb.org\/wp-content\/uploads\/2022\/03\/AA5I2757-300x200.jpg 300w, https:\/\/a4cb.org\/wp-content\/uploads\/2022\/03\/AA5I2757-768x512.jpg 768w, https:\/\/a4cb.org\/wp-content\/uploads\/2022\/03\/AA5I2757-1536x1024.jpg 1536w, https:\/\/a4cb.org\/wp-content\/uploads\/2022\/03\/AA5I2757-2048x1366.jpg 2048w\" sizes=\"auto, (max-width: 1024px) 100vw, 1024px\" \/><\/figure>\n<\/div>\n\n\n\n<div class=\"wp-block-column is-layout-flow wp-block-column-is-layout-flow\" style=\"flex-basis:66.66%\">\n<p>Allies for Community Business cree que los empresarios conocen mejor sus empresas, pero a menudo tienen preguntas sobre un desaf\u00edo u oportunidad espec\u00edfica. Es en ese momento cuando un empresario se beneficiar\u00e1 de tener acceso a profesionales calificados y reflexivos dispuestos a ayudar al empresario a lograr su objetivo.<\/p>\n\n\n\n<p>Nuestro equipo dedicado de la asesor\u00eda empresarial comienza escuchando atentamente a lo que el propietario de un negocio est\u00e1 tratando de lograr. De ah\u00ed, evaluamos la preparaci\u00f3n del negocio en funci\u00f3n de nuestra metodolog\u00eda de asesor\u00eda definida y sugerimos actividades espec\u00edficas que est\u00e1n de acuerdo con los objetivos del empresario.<\/p>\n\n\n\n<p><strong>Como nuestros empleados asesor\u00eda, los estrategas de negocios voluntaries escuchan atentamente lo que el propietario de empresa de la comunidad pareada est\u00e1 tratando de lograr, hace preguntas atentas y aclaratorias que ayudar\u00e1n a determinar los planes del empresario, y proveen asistencia de estrategia y asistencia continua a los empresarios que solicitan apoyo a largo plazo.<\/strong><\/p>\n\n\n\n<p>A4CB expande continuamente nuestros contactos de estrategas de negocios voluntarios, lo que nos permite apoyar a m\u00e1s empresarios que est\u00e1n buscando ayuda. Los voluntarios interesados indican cu\u00e1nto tiempo pueden comprometer, y en qu\u00e9 forma, completando la encuesta breve abaja. A4CB evaluar\u00e9 voluntarios potenciales y entonces emparejar\u00e9 eficientemente a los estrategas de negocios con los empresarios que valorar\u00eda su ayuda.<\/p>\n<\/div>\n<\/div>\n\n\n\n<div style=\"height:100px\" aria-hidden=\"true\" class=\"wp-block-spacer is-style-gap90 is-style-spacer-s\"><\/div>\n\n\n\n<div id=\"cta-block_622a6a782032c\" class=\"alignfull has-blue-30-background-color py-60 py-90-l  block-cta\">\n    <div class=\"container\">\n                    <div class=\"cta-column\">\n                <h4 class=\"cta-action\">Complete el formulario de estratega de negocios voluntario<\/h4>\n                <p class=\"cta-blurb\"><\/p>                <a href=\"https:\/\/app.smartsheet.com\/b\/form\/cd9447dff31340cebc1c7e1e554778b2\" class=\"button cta-button\">Trabaje como voluntario<\/a>                    \n            <\/div>\n            <\/div>\n<\/div>\n\n\n<figure class=\"wp-block-gallery aligncenter has-nested-images columns-default is-cropped gallery-carousel wp-block-gallery-1 is-layout-flex wp-block-gallery-is-layout-flex\">\n<figure class=\"wp-block-image size-large\"><img loading=\"lazy\" decoding=\"async\" width=\"1024\" height=\"683\" data-id=\"18649\" src=\"https:\/\/a4cb.org\/wp-content\/uploads\/2022\/03\/AA5I2405-1-1024x683.jpg\" alt=\"\" class=\"wp-image-18649\" srcset=\"https:\/\/a4cb.org\/wp-content\/uploads\/2022\/03\/AA5I2405-1-1024x683.jpg 1024w, https:\/\/a4cb.org\/wp-content\/uploads\/2022\/03\/AA5I2405-1-300x200.jpg 300w, https:\/\/a4cb.org\/wp-content\/uploads\/2022\/03\/AA5I2405-1-768x512.jpg 768w, https:\/\/a4cb.org\/wp-content\/uploads\/2022\/03\/AA5I2405-1-1536x1024.jpg 1536w, https:\/\/a4cb.org\/wp-content\/uploads\/2022\/03\/AA5I2405-1-2048x1366.jpg 2048w\" sizes=\"auto, (max-width: 1024px) 100vw, 1024px\" \/><\/figure>\n\n\n\n<figure class=\"wp-block-image size-large\"><img loading=\"lazy\" decoding=\"async\" width=\"1024\" height=\"683\" data-id=\"18647\" src=\"https:\/\/a4cb.org\/wp-content\/uploads\/2022\/03\/AA5I2273-1-1024x683.jpg\" alt=\"\" class=\"wp-image-18647\" srcset=\"https:\/\/a4cb.org\/wp-content\/uploads\/2022\/03\/AA5I2273-1-1024x683.jpg 1024w, https:\/\/a4cb.org\/wp-content\/uploads\/2022\/03\/AA5I2273-1-300x200.jpg 300w, https:\/\/a4cb.org\/wp-content\/uploads\/2022\/03\/AA5I2273-1-768x512.jpg 768w, https:\/\/a4cb.org\/wp-content\/uploads\/2022\/03\/AA5I2273-1-1536x1024.jpg 1536w, https:\/\/a4cb.org\/wp-content\/uploads\/2022\/03\/AA5I2273-1-2048x1366.jpg 2048w\" sizes=\"auto, (max-width: 1024px) 100vw, 1024px\" \/><\/figure>\n\n\n\n<figure class=\"wp-block-image size-large\"><img loading=\"lazy\" decoding=\"async\" width=\"1024\" height=\"634\" data-id=\"18651\" src=\"https:\/\/a4cb.org\/wp-content\/uploads\/2022\/03\/AA5I2698-1-1024x634.jpg\" alt=\"\" class=\"wp-image-18651\" srcset=\"https:\/\/a4cb.org\/wp-content\/uploads\/2022\/03\/AA5I2698-1-1024x634.jpg 1024w, https:\/\/a4cb.org\/wp-content\/uploads\/2022\/03\/AA5I2698-1-300x186.jpg 300w, https:\/\/a4cb.org\/wp-content\/uploads\/2022\/03\/AA5I2698-1-768x476.jpg 768w, https:\/\/a4cb.org\/wp-content\/uploads\/2022\/03\/AA5I2698-1-1536x951.jpg 1536w, https:\/\/a4cb.org\/wp-content\/uploads\/2022\/03\/AA5I2698-1-2048x1269.jpg 2048w\" sizes=\"auto, (max-width: 1024px) 100vw, 1024px\" \/><\/figure>\n\n\n\n<figure class=\"wp-block-image size-large\"><img loading=\"lazy\" decoding=\"async\" width=\"1024\" height=\"630\" data-id=\"18653\" src=\"https:\/\/a4cb.org\/wp-content\/uploads\/2022\/03\/NEL-Module-One_9_10_19-1024x630.jpg\" alt=\"\" class=\"wp-image-18653\" srcset=\"https:\/\/a4cb.org\/wp-content\/uploads\/2022\/03\/NEL-Module-One_9_10_19-1024x630.jpg 1024w, https:\/\/a4cb.org\/wp-content\/uploads\/2022\/03\/NEL-Module-One_9_10_19-300x185.jpg 300w, https:\/\/a4cb.org\/wp-content\/uploads\/2022\/03\/NEL-Module-One_9_10_19-768x472.jpg 768w, https:\/\/a4cb.org\/wp-content\/uploads\/2022\/03\/NEL-Module-One_9_10_19-1536x945.jpg 1536w, https:\/\/a4cb.org\/wp-content\/uploads\/2022\/03\/NEL-Module-One_9_10_19-2048x1260.jpg 2048w\" sizes=\"auto, (max-width: 1024px) 100vw, 1024px\" \/><\/figure>\n<\/figure>\n","protected":false},"excerpt":{"rendered":"<p>Allies for Community Business cree que los empresarios conocen mejor sus empresas, pero a menudo tienen preguntas sobre un desaf\u00edo&hellip;<\/p>\n","protected":false},"author":2,"featured_media":0,"parent":0,"menu_order":0,"comment_status":"closed","ping_status":"closed","template":"","meta":{"_acf_changed":false,"footnotes":""},"class_list":["post-18646","page","type-page","status-publish","hentry"],"acf":[],"yoast_head":"<!-- This site is optimized with the Yoast SEO plugin v26.3 - https:\/\/yoast.com\/wordpress\/plugins\/seo\/ -->\n<title>Estrategas de Negocios Voluntario &#8226; Allies for Community Business<\/title>\n<meta name=\"robots\" content=\"index, follow, max-snippet:-1, max-image-preview:large, max-video-preview:-1\" \/>\n<link rel=\"canonical\" href=\"https:\/\/a4cb.org\/es\/estrategas-de-negocios-voluntario\/\" \/>\n<meta property=\"og:locale\" content=\"es_ES\" \/>\n<meta property=\"og:type\" content=\"article\" \/>\n<meta property=\"og:title\" content=\"Estrategas de Negocios Voluntario &#8226; Allies for Community Business\" \/>\n<meta property=\"og:description\" content=\"Allies for Community Business cree que los empresarios conocen mejor sus empresas, pero a menudo tienen preguntas sobre un desaf\u00edo&hellip;\" \/>\n<meta property=\"og:url\" content=\"https:\/\/a4cb.org\/es\/estrategas-de-negocios-voluntario\/\" \/>\n<meta property=\"og:site_name\" content=\"Allies for Community Business\" \/>\n<meta property=\"article:publisher\" content=\"https:\/\/www.facebook.com\/Allies4CB\" \/>\n<meta property=\"article:modified_time\" content=\"2022-07-14T18:19:33+00:00\" \/>\n<meta property=\"og:image\" content=\"https:\/\/a4cb.org\/wp-content\/uploads\/2022\/03\/AA5I2757-1024x683.jpg\" \/>\n<meta name=\"twitter:card\" content=\"summary_large_image\" \/>\n<meta name=\"twitter:site\" content=\"@Allies4CB\" \/>\n<meta name=\"twitter:label1\" content=\"Tiempo de lectura\" \/>\n\t<meta name=\"twitter:data1\" content=\"2 minutos\" \/>\n<script type=\"application\/ld+json\" class=\"yoast-schema-graph\">{\"@context\":\"https:\/\/schema.org\",\"@graph\":[{\"@type\":\"WebPage\",\"@id\":\"https:\/\/a4cb.org\/es\/estrategas-de-negocios-voluntario\/\",\"url\":\"https:\/\/a4cb.org\/es\/estrategas-de-negocios-voluntario\/\",\"name\":\"Estrategas de Negocios Voluntario &#8226; Allies for Community Business\",\"isPartOf\":{\"@id\":\"https:\/\/a4cb.org\/es\/#website\"},\"primaryImageOfPage\":{\"@id\":\"https:\/\/a4cb.org\/es\/estrategas-de-negocios-voluntario\/#primaryimage\"},\"image\":{\"@id\":\"https:\/\/a4cb.org\/es\/estrategas-de-negocios-voluntario\/#primaryimage\"},\"thumbnailUrl\":\"https:\/\/a4cb.org\/wp-content\/uploads\/2022\/03\/AA5I2757-1024x683.jpg\",\"datePublished\":\"2022-04-04T19:05:39+00:00\",\"dateModified\":\"2022-07-14T18:19:33+00:00\",\"breadcrumb\":{\"@id\":\"https:\/\/a4cb.org\/es\/estrategas-de-negocios-voluntario\/#breadcrumb\"},\"inLanguage\":\"es\",\"potentialAction\":[{\"@type\":\"ReadAction\",\"target\":[\"https:\/\/a4cb.org\/es\/estrategas-de-negocios-voluntario\/\"]}]},{\"@type\":\"ImageObject\",\"inLanguage\":\"es\",\"@id\":\"https:\/\/a4cb.org\/es\/estrategas-de-negocios-voluntario\/#primaryimage\",\"url\":\"https:\/\/a4cb.org\/wp-content\/uploads\/2022\/03\/AA5I2757-1024x683.jpg\",\"contentUrl\":\"https:\/\/a4cb.org\/wp-content\/uploads\/2022\/03\/AA5I2757-1024x683.jpg\"},{\"@type\":\"BreadcrumbList\",\"@id\":\"https:\/\/a4cb.org\/es\/estrategas-de-negocios-voluntario\/#breadcrumb\",\"itemListElement\":[{\"@type\":\"ListItem\",\"position\":1,\"name\":\"P\u00e1gina principal\",\"item\":\"https:\/\/a4cb.org\/es\/\"},{\"@type\":\"ListItem\",\"position\":2,\"name\":\"Estrategas de Negocios Voluntario\"}]},{\"@type\":\"WebSite\",\"@id\":\"https:\/\/a4cb.org\/es\/#website\",\"url\":\"https:\/\/a4cb.org\/es\/\",\"name\":\"Allies for Community Business\",\"description\":\"\",\"publisher\":{\"@id\":\"https:\/\/a4cb.org\/es\/#organization\"},\"potentialAction\":[{\"@type\":\"SearchAction\",\"target\":{\"@type\":\"EntryPoint\",\"urlTemplate\":\"https:\/\/a4cb.org\/es\/?s={search_term_string}\"},\"query-input\":{\"@type\":\"PropertyValueSpecification\",\"valueRequired\":true,\"valueName\":\"search_term_string\"}}],\"inLanguage\":\"es\"},{\"@type\":\"Organization\",\"@id\":\"https:\/\/a4cb.org\/es\/#organization\",\"name\":\"Allies for Community Business\",\"url\":\"https:\/\/a4cb.org\/es\/\",\"logo\":{\"@type\":\"ImageObject\",\"inLanguage\":\"es\",\"@id\":\"https:\/\/a4cb.org\/es\/#\/schema\/logo\/image\/\",\"url\":\"https:\/\/a4cb.org\/wp-content\/uploads\/2021\/01\/A4BC-social-scaled.jpg\",\"contentUrl\":\"https:\/\/a4cb.org\/wp-content\/uploads\/2021\/01\/A4BC-social-scaled.jpg\",\"width\":2560,\"height\":1707,\"caption\":\"Allies for Community Business\"},\"image\":{\"@id\":\"https:\/\/a4cb.org\/es\/#\/schema\/logo\/image\/\"},\"sameAs\":[\"https:\/\/www.facebook.com\/Allies4CB\",\"https:\/\/x.com\/Allies4CB\",\"https:\/\/www.instagram.com\/allies4cb\/\",\"https:\/\/www.linkedin.com\/company\/a4cb\"]}]}<\/script>\n<!-- \/ Yoast SEO plugin. -->","yoast_head_json":{"title":"Estrategas de Negocios Voluntario &#8226; Allies for Community Business","robots":{"index":"index","follow":"follow","max-snippet":"max-snippet:-1","max-image-preview":"max-image-preview:large","max-video-preview":"max-video-preview:-1"},"canonical":"https:\/\/a4cb.org\/es\/estrategas-de-negocios-voluntario\/","og_locale":"es_ES","og_type":"article","og_title":"Estrategas de Negocios Voluntario &#8226; Allies for Community Business","og_description":"Allies for Community Business cree que los empresarios conocen mejor sus empresas, pero a menudo tienen preguntas sobre un desaf\u00edo&hellip;","og_url":"https:\/\/a4cb.org\/es\/estrategas-de-negocios-voluntario\/","og_site_name":"Allies for Community Business","article_publisher":"https:\/\/www.facebook.com\/Allies4CB","article_modified_time":"2022-07-14T18:19:33+00:00","og_image":[{"url":"https:\/\/a4cb.org\/wp-content\/uploads\/2022\/03\/AA5I2757-1024x683.jpg","type":"","width":"","height":""}],"twitter_card":"summary_large_image","twitter_site":"@Allies4CB","twitter_misc":{"Tiempo de lectura":"2 minutos"},"schema":{"@context":"https:\/\/schema.org","@graph":[{"@type":"WebPage","@id":"https:\/\/a4cb.org\/es\/estrategas-de-negocios-voluntario\/","url":"https:\/\/a4cb.org\/es\/estrategas-de-negocios-voluntario\/","name":"Estrategas de Negocios Voluntario &#8226; Allies for Community Business","isPartOf":{"@id":"https:\/\/a4cb.org\/es\/#website"},"primaryImageOfPage":{"@id":"https:\/\/a4cb.org\/es\/estrategas-de-negocios-voluntario\/#primaryimage"},"image":{"@id":"https:\/\/a4cb.org\/es\/estrategas-de-negocios-voluntario\/#primaryimage"},"thumbnailUrl":"https:\/\/a4cb.org\/wp-content\/uploads\/2022\/03\/AA5I2757-1024x683.jpg","datePublished":"2022-04-04T19:05:39+00:00","dateModified":"2022-07-14T18:19:33+00:00","breadcrumb":{"@id":"https:\/\/a4cb.org\/es\/estrategas-de-negocios-voluntario\/#breadcrumb"},"inLanguage":"es","potentialAction":[{"@type":"ReadAction","target":["https:\/\/a4cb.org\/es\/estrategas-de-negocios-voluntario\/"]}]},{"@type":"ImageObject","inLanguage":"es","@id":"https:\/\/a4cb.org\/es\/estrategas-de-negocios-voluntario\/#primaryimage","url":"https:\/\/a4cb.org\/wp-content\/uploads\/2022\/03\/AA5I2757-1024x683.jpg","contentUrl":"https:\/\/a4cb.org\/wp-content\/uploads\/2022\/03\/AA5I2757-1024x683.jpg"},{"@type":"BreadcrumbList","@id":"https:\/\/a4cb.org\/es\/estrategas-de-negocios-voluntario\/#breadcrumb","itemListElement":[{"@type":"ListItem","position":1,"name":"P\u00e1gina principal","item":"https:\/\/a4cb.org\/es\/"},{"@type":"ListItem","position":2,"name":"Estrategas de Negocios Voluntario"}]},{"@type":"WebSite","@id":"https:\/\/a4cb.org\/es\/#website","url":"https:\/\/a4cb.org\/es\/","name":"Allies for Community Business","description":"","publisher":{"@id":"https:\/\/a4cb.org\/es\/#organization"},"potentialAction":[{"@type":"SearchAction","target":{"@type":"EntryPoint","urlTemplate":"https:\/\/a4cb.org\/es\/?s={search_term_string}"},"query-input":{"@type":"PropertyValueSpecification","valueRequired":true,"valueName":"search_term_string"}}],"inLanguage":"es"},{"@type":"Organization","@id":"https:\/\/a4cb.org\/es\/#organization","name":"Allies for Community Business","url":"https:\/\/a4cb.org\/es\/","logo":{"@type":"ImageObject","inLanguage":"es","@id":"https:\/\/a4cb.org\/es\/#\/schema\/logo\/image\/","url":"https:\/\/a4cb.org\/wp-content\/uploads\/2021\/01\/A4BC-social-scaled.jpg","contentUrl":"https:\/\/a4cb.org\/wp-content\/uploads\/2021\/01\/A4BC-social-scaled.jpg","width":2560,"height":1707,"caption":"Allies for Community Business"},"image":{"@id":"https:\/\/a4cb.org\/es\/#\/schema\/logo\/image\/"},"sameAs":["https:\/\/www.facebook.com\/Allies4CB","https:\/\/x.com\/Allies4CB","https:\/\/www.instagram.com\/allies4cb\/","https:\/\/www.linkedin.com\/company\/a4cb"]}]}},"_links":{"self":[{"href":"https:\/\/a4cb.org\/es\/wp-json\/wp\/v2\/pages\/18646","targetHints":{"allow":["GET"]}}],"collection":[{"href":"https:\/\/a4cb.org\/es\/wp-json\/wp\/v2\/pages"}],"about":[{"href":"https:\/\/a4cb.org\/es\/wp-json\/wp\/v2\/types\/page"}],"author":[{"embeddable":true,"href":"https:\/\/a4cb.org\/es\/wp-json\/wp\/v2\/users\/2"}],"replies":[{"embeddable":true,"href":"https:\/\/a4cb.org\/es\/wp-json\/wp\/v2\/comments?post=18646"}],"version-history":[{"count":0,"href":"https:\/\/a4cb.org\/es\/wp-json\/wp\/v2\/pages\/18646\/revisions"}],"wp:attachment":[{"href":"https:\/\/a4cb.org\/es\/wp-json\/wp\/v2\/media?parent=18646"}],"curies":[{"name":"wp","href":"https:\/\/api.w.org\/{rel}","templated":true}]}}