{"id":998,"date":"2021-01-24T20:09:12","date_gmt":"2021-01-25T02:09:12","guid":{"rendered":"http:\/\/a4cb.org\/?page_id=998"},"modified":"2023-01-20T14:16:29","modified_gmt":"2023-01-20T20:16:29","slug":"services","status":"publish","type":"page","link":"https:\/\/a4cb.org\/es\/services\/","title":{"rendered":"Servicios"},"content":{"rendered":"\n<div class=\"wp-block-group alignfull py-90 has-white-color has-navy-70-background-color has-text-color has-background is-layout-flow wp-block-group-is-layout-flow\">\n<h4 class=\"has-text-align-center has-white-color has-text-color wp-block-heading\">Nuestros Servicios<\/h4>\n\n\n\n<h1 class=\"has-text-align-center has-white-color has-text-color wp-block-heading\"><strong>\u00bfC\u00f3mo podemos ayudar a su empresa comunitaria?<\/strong><\/h1>\n<\/div>\n\n\n\n<div style=\"height:100px\" aria-hidden=\"true\" class=\"wp-block-spacer is-style-gap90\"><\/div>\n\n\n\n\n<div id=\"leaf-block_6009f9d217d89\" class=\"py-20 py-50-l  block-leaf leaf-section\">\n    <div class=\"container\">\n        <div class=\"row has-green-10-background-color leaf-wrap\">\n            <div class=\"leaf-column\">\n                <div class=\"radius-tl radius-br has-green-70-background-color leaf-box\">\n                    <div class=\"leaf-icon\"><img loading=\"lazy\" decoding=\"async\" width=\"208\" height=\"228\" src=\"https:\/\/a4cb.org\/wp-content\/uploads\/2021\/01\/icon-capital.png\" class=\"attachment-large size-large\" alt=\"\" \/><\/div> \n                    <h2 class=\"leaf-title has-white-color\">Capital<\/h2>                <\/div>\n            <\/div>\n            <div class=\"leaf-column\">\n                                    <ul class=\"list-reset leaf-pages\">\n                                            <li>\n                            <h3>Pr\u00e9stamos<\/h3>\n                            <p>Allies for Community Business ofrece pr\u00e9stamos a plazos y l\u00edneas de cr\u00e9dito entre $500 y $500,000 para empresas iniciales, emergentes y establecidas en Illinois e Indiana.<\/p>\n                            <a href=\"https:\/\/a4cb.org\/es\/services\/prestamos\/\">Leer M\u00e1s \u203a<\/a>\n                        <\/li>\n                                            <li>\n                            <h3>Subvenciones<\/h3>\n                            <p>Frecuentemente, A4CB administra programas de subvenciones con socios que comparten nuestra misi\u00f3n de proporcionar fondos a propietarios de empresas que dar\u00e1n un buen uso a ese dinero en sus comunidades.<\/p>\n                            <a href=\"https:\/\/a4cb.org\/es\/services\/subvenciones\/\">Leer M\u00e1s \u203a<\/a>\n                        <\/li>\n                                        <\/ul>\n\n                 \n\n            <\/div>\n        <\/div>\n    <\/div>\n<\/div>\n\n\n\n\n\n<div id=\"leaf-block_600af2100176b\" class=\"py-20 py-50-l  block-leaf leaf-section\">\n    <div class=\"container\">\n        <div class=\"row has-blue-10-background-color leaf-wrap\">\n            <div class=\"leaf-column\">\n                <div class=\"radius-tl radius-br has-blue-70-background-color leaf-box\">\n                    <div class=\"leaf-icon\"><img loading=\"lazy\" decoding=\"async\" width=\"262\" height=\"262\" src=\"https:\/\/a4cb.org\/wp-content\/uploads\/2021\/01\/icon-coaching.png\" class=\"attachment-large size-large\" alt=\"\" srcset=\"https:\/\/a4cb.org\/wp-content\/uploads\/2021\/01\/icon-coaching.png 262w, https:\/\/a4cb.org\/wp-content\/uploads\/2021\/01\/icon-coaching-150x150.png 150w\" sizes=\"auto, (max-width: 262px) 100vw, 262px\" \/><\/div> \n                    <h2 class=\"leaf-title has-white-color\">Asesor\u00eda<\/h2>                <\/div>\n            <\/div>\n            <div class=\"leaf-column\">\n                                    <ul class=\"list-reset leaf-pages\">\n                                            <li>\n                            <h3>Asesor\u00eda personal<\/h3>\n                            <p>Allies for Community Business ofrece asesor\u00eda personal gratuita a cualquier persona que desee iniciar o hacer crecer su empresa.<\/p>\n                            <a href=\"https:\/\/a4cb.org\/es\/services\/asesoria-personal\/\">Leer M\u00e1s \u203a<\/a>\n                        <\/li>\n                                            <li>\n                            <h3>El Laboratorio Empresarial de Vecindario<\/h3>\n                            <p>El Laboratorio Empresarial de Vecindario asocia a los propietarios de empresas de la comunidad con inversores, asesores, estrategas de proyectos, enlaces de la comunidad y enlaces corporativos que proporcionan un apoyo intensivo durante nueve meses para ayudar a ejecutar una iniciativa de crecimiento para cada empresa. <\/p>\n                            <a href=\"https:\/\/a4cb.org\/es\/services\/el-laboratorio-empresarial-de-vecindario\/\">Leer M\u00e1s \u203a<\/a>\n                        <\/li>\n                                        <\/ul>\n\n                 \n\n            <\/div>\n        <\/div>\n    <\/div>\n<\/div>\n\n\n\n\n\n<div id=\"leaf-block_600af2530176c\" class=\"py-20 py-50-l  block-leaf leaf-section\">\n    <div class=\"container\">\n        <div class=\"row has-teal-10-background-color leaf-wrap\">\n            <div class=\"leaf-column\">\n                <div class=\"radius-tl radius-br has-teal-70-background-color leaf-box\">\n                    <div class=\"leaf-icon\"><img loading=\"lazy\" decoding=\"async\" width=\"296\" height=\"220\" src=\"https:\/\/a4cb.org\/wp-content\/uploads\/2021\/01\/icon-collaboration.png\" class=\"attachment-large size-large\" alt=\"\" \/><\/div> \n                    <h2 class=\"leaf-title has-white-color\">Las Conexiones<\/h2>                <\/div>\n            <\/div>\n            <div class=\"leaf-column\">\n                                    <ul class=\"list-reset leaf-pages\">\n                                            <li>\n                            <h3>Espacio de cocina<\/h3>\n                            <p>A4CB puede ayudar a su empresa de alimentos y bebidas a asegurar un espacio en la hermosa incubadora de la que somos copropietarios, llamada The Hatchery.<\/p>\n                            <a href=\"https:\/\/a4cb.org\/es\/services\/kitchen-space\/\">Leer M\u00e1s \u203a<\/a>\n                        <\/li>\n                                            <li>\n                            <h3>Licencias<\/h3>\n                            <p>Allies for Community Business le puede ayudar a conseguir una licencia de negocio que necesita para funcionar legalmente en la ciudad de Chicago.<\/p>\n                            <a href=\"https:\/\/a4cb.org\/es\/services\/licensing\/\">Leer M\u00e1s \u203a<\/a>\n                        <\/li>\n                                            <li>\n                            <h3>Contratos Grandes<\/h3>\n                            <p>A4CB puede ayudarlo a asegurar su certificaci\u00f3n de Empresa Comercial Propiedad de Mujeres (Women-owned Business Enterprise, WBE) o Empresa Comercial Propiedad de Minor\u00edas (Minority-owned Business Enterprise, MBE), y luego puede ayudarlo a asegurar contratos de nuestros socios institucionales.<\/p>\n                            <a href=\"https:\/\/a4cb.org\/es\/services\/contratos-grandes\/\">Leer M\u00e1s \u203a<\/a>\n                        <\/li>\n                                        <\/ul>\n\n                 \n\n            <\/div>\n        <\/div>\n    <\/div>\n<\/div>\n\n\n\n\n<div style=\"height:100px\" aria-hidden=\"true\" class=\"wp-block-spacer is-style-gap90\"><\/div>\n\n\n\n<div id=\"testimonials-block_60073915d8aa6\" class=\"has-grey-background-color alignfull py-90  block-testimonials\">\n    <div class=\"container\">\n        <div class=\"splide splide-testimonials\">\n            <div class=\"splide__track\">\n                <ul class=\"splide__list\">\n                                    <li class=\"splide__slide testimonial\">\n                        <div class=\"testimonial-image\">\n                            <img loading=\"lazy\" decoding=\"async\" width=\"700\" height=\"467\" src=\"https:\/\/a4cb.org\/wp-content\/uploads\/2021\/01\/Vernita-Johnson_DLV-Printing_10-scaled.jpg\" class=\"attachment-700x700 size-700x700 wp-post-image\" alt=\"\" srcset=\"https:\/\/a4cb.org\/wp-content\/uploads\/2021\/01\/Vernita-Johnson_DLV-Printing_10-scaled.jpg 2560w, https:\/\/a4cb.org\/wp-content\/uploads\/2021\/01\/Vernita-Johnson_DLV-Printing_10-scaled-300x200.jpg 300w, https:\/\/a4cb.org\/wp-content\/uploads\/2021\/01\/Vernita-Johnson_DLV-Printing_10-scaled-1024x683.jpg 1024w, https:\/\/a4cb.org\/wp-content\/uploads\/2021\/01\/Vernita-Johnson_DLV-Printing_10-scaled-768x512.jpg 768w, https:\/\/a4cb.org\/wp-content\/uploads\/2021\/01\/Vernita-Johnson_DLV-Printing_10-scaled-1536x1024.jpg 1536w, https:\/\/a4cb.org\/wp-content\/uploads\/2021\/01\/Vernita-Johnson_DLV-Printing_10-scaled-2048x1366.jpg 2048w\" sizes=\"auto, (max-width: 700px) 100vw, 700px\" \/>                        <\/div>\n                        <div class=\"testimonial-about-bg\"><\/div>\n                        <div class=\"testimonial-about\">\n                            <strong>DLV Printing<\/strong>\n                            Vernita Johnson                        <\/div>\n                        <div class=\"testimonial-quote-bg\"><\/div>\n                        <div class=\"testimonial-quote\">\n                            <blockquote>Llamamos a Allies for Community Business y nos dieron nuestro primer pr\u00e9stamo<\/blockquote>\n                            <a href=\"https:\/\/a4cb.org\/es\/client-stories\/dlv-printing\/\" class=\"testimonial-link\">Leer M\u00e1s \u203a<\/a>\n                        <\/div>\n                    <\/li>\n                                    <li class=\"splide__slide testimonial\">\n                        <div class=\"testimonial-image\">\n                            <img loading=\"lazy\" decoding=\"async\" width=\"700\" height=\"341\" src=\"https:\/\/a4cb.org\/wp-content\/uploads\/2021\/01\/Patty-Medina-2-scaled-e1611545696491.jpg\" class=\"attachment-700x700 size-700x700 wp-post-image\" alt=\"\" \/>                        <\/div>\n                        <div class=\"testimonial-about-bg\"><\/div>\n                        <div class=\"testimonial-about\">\n                            <strong>Core Juice Bar<\/strong>\n                            Patricia Medina                         <\/div>\n                        <div class=\"testimonial-quote-bg\"><\/div>\n                        <div class=\"testimonial-quote\">\n                            <blockquote>Me ayudaron a pensar en diferentes formas de girar mi negocio y generar ingresos<\/blockquote>\n                            <a href=\"https:\/\/a4cb.org\/es\/client-stories\/core-juice-bar\/\" class=\"testimonial-link\">Leer M\u00e1s \u203a<\/a>\n                        <\/div>\n                    <\/li>\n                                    <li class=\"splide__slide testimonial\">\n                        <div class=\"testimonial-image\">\n                            <img loading=\"lazy\" decoding=\"async\" width=\"700\" height=\"402\" src=\"https:\/\/a4cb.org\/wp-content\/uploads\/2021\/01\/Alan-Moy_-Viet-Nom-Nom_6-scaled-e1611782306997.jpg\" class=\"attachment-700x700 size-700x700 wp-post-image\" alt=\"\" srcset=\"https:\/\/a4cb.org\/wp-content\/uploads\/2021\/01\/Alan-Moy_-Viet-Nom-Nom_6-scaled-e1611782306997.jpg 1707w, https:\/\/a4cb.org\/wp-content\/uploads\/2021\/01\/Alan-Moy_-Viet-Nom-Nom_6-scaled-e1611782306997-300x172.jpg 300w, https:\/\/a4cb.org\/wp-content\/uploads\/2021\/01\/Alan-Moy_-Viet-Nom-Nom_6-scaled-e1611782306997-1024x588.jpg 1024w, https:\/\/a4cb.org\/wp-content\/uploads\/2021\/01\/Alan-Moy_-Viet-Nom-Nom_6-scaled-e1611782306997-768x441.jpg 768w, https:\/\/a4cb.org\/wp-content\/uploads\/2021\/01\/Alan-Moy_-Viet-Nom-Nom_6-scaled-e1611782306997-1536x883.jpg 1536w\" sizes=\"auto, (max-width: 700px) 100vw, 700px\" \/>                        <\/div>\n                        <div class=\"testimonial-about-bg\"><\/div>\n                        <div class=\"testimonial-about\">\n                            <strong>Viet Nom Nom<\/strong>\n                            Alan Moy                         <\/div>\n                        <div class=\"testimonial-quote-bg\"><\/div>\n                        <div class=\"testimonial-quote\">\n                            <blockquote>Estar en The Hatchery no solo significa que tienes una cocina, significa que eres parte de una comunidad<\/blockquote>\n                            <a href=\"https:\/\/a4cb.org\/es\/?post_type=stories&#038;p=1273\" class=\"testimonial-link\">Leer M\u00e1s \u203a<\/a>\n                        <\/div>\n                    <\/li>\n                                <\/ul>\n            <\/div>\n        <\/div>\n    <\/div>\n<\/div>\n\n\n<div id=\"cta-block_60061bcecf43e\" class=\"alignfull has-blue-30-background-color py-60 py-90-l  block-cta\">\n    <div class=\"container\">\n                    <div class=\"cta-column\">\n                <h4 class=\"cta-action\">\u00bfNo est\u00e1 seguro de qu\u00e9 servicio ser\u00eda mejor para usted?<\/h4>\n                <p class=\"cta-blurb\"><\/p>                <a href=\"https:\/\/a4cb.loanwell.com\/\" class=\"button cta-button\">Programe una sesi\u00f3n<\/a>                    \n            <\/div>\n            <\/div>\n<\/div>","protected":false},"excerpt":{"rendered":"<p>Nuestros Servicios \u00bfC\u00f3mo podemos ayudar a su empresa comunitaria?<\/p>\n","protected":false},"author":2,"featured_media":0,"parent":0,"menu_order":1,"comment_status":"closed","ping_status":"closed","template":"","meta":{"_acf_changed":false,"footnotes":""},"class_list":["post-998","page","type-page","status-publish","hentry"],"acf":[],"yoast_head":"<!-- This site is optimized with the Yoast SEO plugin v26.3 - https:\/\/yoast.com\/wordpress\/plugins\/seo\/ -->\n<title>Servicios &#8226; Allies for Community Business<\/title>\n<meta name=\"robots\" content=\"index, follow, max-snippet:-1, max-image-preview:large, max-video-preview:-1\" \/>\n<link rel=\"canonical\" href=\"https:\/\/a4cb.org\/es\/services\/\" \/>\n<meta property=\"og:locale\" content=\"es_ES\" \/>\n<meta property=\"og:type\" content=\"article\" \/>\n<meta property=\"og:title\" content=\"Servicios &#8226; Allies for Community Business\" \/>\n<meta property=\"og:description\" content=\"Nuestros Servicios \u00bfC\u00f3mo podemos ayudar a su empresa comunitaria?\" \/>\n<meta property=\"og:url\" content=\"https:\/\/a4cb.org\/es\/services\/\" \/>\n<meta property=\"og:site_name\" content=\"Allies for Community Business\" \/>\n<meta property=\"article:publisher\" content=\"https:\/\/www.facebook.com\/Allies4CB\" \/>\n<meta property=\"article:modified_time\" content=\"2023-01-20T20:16:29+00:00\" \/>\n<meta property=\"og:image\" content=\"https:\/\/a4cb.org\/wp-content\/uploads\/2021\/01\/A4BC-social-scaled.jpg\" \/>\n\t<meta property=\"og:image:width\" content=\"2560\" \/>\n\t<meta property=\"og:image:height\" content=\"1707\" \/>\n\t<meta property=\"og:image:type\" content=\"image\/jpeg\" \/>\n<meta name=\"twitter:card\" content=\"summary_large_image\" \/>\n<meta name=\"twitter:site\" content=\"@Allies4CB\" \/>\n<meta name=\"twitter:label1\" content=\"Tiempo de lectura\" \/>\n\t<meta name=\"twitter:data1\" content=\"1 minuto\" \/>\n<script type=\"application\/ld+json\" class=\"yoast-schema-graph\">{\"@context\":\"https:\/\/schema.org\",\"@graph\":[{\"@type\":\"WebPage\",\"@id\":\"https:\/\/a4cb.org\/es\/services\/\",\"url\":\"https:\/\/a4cb.org\/es\/services\/\",\"name\":\"Servicios &#8226; Allies for Community Business\",\"isPartOf\":{\"@id\":\"https:\/\/a4cb.org\/es\/#website\"},\"datePublished\":\"2021-01-25T02:09:12+00:00\",\"dateModified\":\"2023-01-20T20:16:29+00:00\",\"breadcrumb\":{\"@id\":\"https:\/\/a4cb.org\/es\/services\/#breadcrumb\"},\"inLanguage\":\"es\",\"potentialAction\":[{\"@type\":\"ReadAction\",\"target\":[\"https:\/\/a4cb.org\/es\/services\/\"]}]},{\"@type\":\"BreadcrumbList\",\"@id\":\"https:\/\/a4cb.org\/es\/services\/#breadcrumb\",\"itemListElement\":[{\"@type\":\"ListItem\",\"position\":1,\"name\":\"P\u00e1gina principal\",\"item\":\"https:\/\/a4cb.org\/es\/\"},{\"@type\":\"ListItem\",\"position\":2,\"name\":\"Servicios\"}]},{\"@type\":\"WebSite\",\"@id\":\"https:\/\/a4cb.org\/es\/#website\",\"url\":\"https:\/\/a4cb.org\/es\/\",\"name\":\"Allies for Community Business\",\"description\":\"\",\"publisher\":{\"@id\":\"https:\/\/a4cb.org\/es\/#organization\"},\"potentialAction\":[{\"@type\":\"SearchAction\",\"target\":{\"@type\":\"EntryPoint\",\"urlTemplate\":\"https:\/\/a4cb.org\/es\/?s={search_term_string}\"},\"query-input\":{\"@type\":\"PropertyValueSpecification\",\"valueRequired\":true,\"valueName\":\"search_term_string\"}}],\"inLanguage\":\"es\"},{\"@type\":\"Organization\",\"@id\":\"https:\/\/a4cb.org\/es\/#organization\",\"name\":\"Allies for Community Business\",\"url\":\"https:\/\/a4cb.org\/es\/\",\"logo\":{\"@type\":\"ImageObject\",\"inLanguage\":\"es\",\"@id\":\"https:\/\/a4cb.org\/es\/#\/schema\/logo\/image\/\",\"url\":\"https:\/\/a4cb.org\/wp-content\/uploads\/2021\/01\/A4BC-social-scaled.jpg\",\"contentUrl\":\"https:\/\/a4cb.org\/wp-content\/uploads\/2021\/01\/A4BC-social-scaled.jpg\",\"width\":2560,\"height\":1707,\"caption\":\"Allies for Community Business\"},\"image\":{\"@id\":\"https:\/\/a4cb.org\/es\/#\/schema\/logo\/image\/\"},\"sameAs\":[\"https:\/\/www.facebook.com\/Allies4CB\",\"https:\/\/x.com\/Allies4CB\",\"https:\/\/www.instagram.com\/allies4cb\/\",\"https:\/\/www.linkedin.com\/company\/a4cb\"]}]}<\/script>\n<!-- \/ Yoast SEO plugin. -->","yoast_head_json":{"title":"Servicios &#8226; Allies for Community Business","robots":{"index":"index","follow":"follow","max-snippet":"max-snippet:-1","max-image-preview":"max-image-preview:large","max-video-preview":"max-video-preview:-1"},"canonical":"https:\/\/a4cb.org\/es\/services\/","og_locale":"es_ES","og_type":"article","og_title":"Servicios &#8226; Allies for Community Business","og_description":"Nuestros Servicios \u00bfC\u00f3mo podemos ayudar a su empresa comunitaria?","og_url":"https:\/\/a4cb.org\/es\/services\/","og_site_name":"Allies for Community Business","article_publisher":"https:\/\/www.facebook.com\/Allies4CB","article_modified_time":"2023-01-20T20:16:29+00:00","og_image":[{"width":2560,"height":1707,"url":"https:\/\/a4cb.org\/wp-content\/uploads\/2021\/01\/A4BC-social-scaled.jpg","type":"image\/jpeg"}],"twitter_card":"summary_large_image","twitter_site":"@Allies4CB","twitter_misc":{"Tiempo de lectura":"1 minuto"},"schema":{"@context":"https:\/\/schema.org","@graph":[{"@type":"WebPage","@id":"https:\/\/a4cb.org\/es\/services\/","url":"https:\/\/a4cb.org\/es\/services\/","name":"Servicios &#8226; Allies for Community Business","isPartOf":{"@id":"https:\/\/a4cb.org\/es\/#website"},"datePublished":"2021-01-25T02:09:12+00:00","dateModified":"2023-01-20T20:16:29+00:00","breadcrumb":{"@id":"https:\/\/a4cb.org\/es\/services\/#breadcrumb"},"inLanguage":"es","potentialAction":[{"@type":"ReadAction","target":["https:\/\/a4cb.org\/es\/services\/"]}]},{"@type":"BreadcrumbList","@id":"https:\/\/a4cb.org\/es\/services\/#breadcrumb","itemListElement":[{"@type":"ListItem","position":1,"name":"P\u00e1gina principal","item":"https:\/\/a4cb.org\/es\/"},{"@type":"ListItem","position":2,"name":"Servicios"}]},{"@type":"WebSite","@id":"https:\/\/a4cb.org\/es\/#website","url":"https:\/\/a4cb.org\/es\/","name":"Allies for Community Business","description":"","publisher":{"@id":"https:\/\/a4cb.org\/es\/#organization"},"potentialAction":[{"@type":"SearchAction","target":{"@type":"EntryPoint","urlTemplate":"https:\/\/a4cb.org\/es\/?s={search_term_string}"},"query-input":{"@type":"PropertyValueSpecification","valueRequired":true,"valueName":"search_term_string"}}],"inLanguage":"es"},{"@type":"Organization","@id":"https:\/\/a4cb.org\/es\/#organization","name":"Allies for Community Business","url":"https:\/\/a4cb.org\/es\/","logo":{"@type":"ImageObject","inLanguage":"es","@id":"https:\/\/a4cb.org\/es\/#\/schema\/logo\/image\/","url":"https:\/\/a4cb.org\/wp-content\/uploads\/2021\/01\/A4BC-social-scaled.jpg","contentUrl":"https:\/\/a4cb.org\/wp-content\/uploads\/2021\/01\/A4BC-social-scaled.jpg","width":2560,"height":1707,"caption":"Allies for Community Business"},"image":{"@id":"https:\/\/a4cb.org\/es\/#\/schema\/logo\/image\/"},"sameAs":["https:\/\/www.facebook.com\/Allies4CB","https:\/\/x.com\/Allies4CB","https:\/\/www.instagram.com\/allies4cb\/","https:\/\/www.linkedin.com\/company\/a4cb"]}]}},"_links":{"self":[{"href":"https:\/\/a4cb.org\/es\/wp-json\/wp\/v2\/pages\/998","targetHints":{"allow":["GET"]}}],"collection":[{"href":"https:\/\/a4cb.org\/es\/wp-json\/wp\/v2\/pages"}],"about":[{"href":"https:\/\/a4cb.org\/es\/wp-json\/wp\/v2\/types\/page"}],"author":[{"embeddable":true,"href":"https:\/\/a4cb.org\/es\/wp-json\/wp\/v2\/users\/2"}],"replies":[{"embeddable":true,"href":"https:\/\/a4cb.org\/es\/wp-json\/wp\/v2\/comments?post=998"}],"version-history":[{"count":0,"href":"https:\/\/a4cb.org\/es\/wp-json\/wp\/v2\/pages\/998\/revisions"}],"wp:attachment":[{"href":"https:\/\/a4cb.org\/es\/wp-json\/wp\/v2\/media?parent=998"}],"curies":[{"name":"wp","href":"https:\/\/api.w.org\/{rel}","templated":true}]}}